{"id":1001,"date":"2023-01-06T18:21:53","date_gmt":"2023-01-06T18:21:53","guid":{"rendered":"https:\/\/www.mouches-volantes.com\/wordpress\/?post_type=product&#038;p=1001"},"modified":"2023-01-06T18:21:54","modified_gmt":"2023-01-06T18:21:54","slug":"artikel-mouches-volantes-strukturen-in-den-veden-teil-1","status":"publish","type":"product","link":"https:\/\/www.mouches-volantes.com\/wordpress\/?product=artikel-mouches-volantes-strukturen-in-den-veden-teil-1","title":{"rendered":"Artikel:<p> Mouches-volantes-Strukturen in den Veden \u2013 Teil 1"},"content":{"rendered":"<p>(<em>pdf Datei, 2 Abb.<\/em>)<\/p>\n<p>Das Ph\u00e4nomen der Mouches volantes wird in unserer Kultur vorwiegend im Einklang mit der modernen medizinischen Sicht verstanden, wo es als \u201eGlask\u00f6rpertr\u00fcbung\u201c gilt. Aussereurop\u00e4ische und fr\u00fchere religi\u00f6se Traditionen geben hingegen Hinweise darauf, dass Mouches volantes als spirituelles oder kosmisches Ph\u00e4nomen gedeutet wurden. Ihre Bilder, Mythen und Symbole zeigen immer wieder Strukturen, die auch f\u00fcr die Punkte und F\u00e4den in unserem Blickfeld typisch sind. Das Sehen von Mouches volantes k\u00f6nnte somit eine Tiefe haben, die uns heute nicht mehr bewusst ist. In Teil 1 dieses dreiteiligen Artikels werden schamanische, ekstatische und seherische Aspekte der Veden genannt und Mouchesvolantes-Formen im Soma-Ritual festgestellt.<\/p>\n<p>Dieser Artikel basiert auf der Annahme, dass eine bereits im Jungpal\u00e4olithikum (ca. 40000-10000 v. Chr.) vorhandene \u201eschamanische\u201c Ritualpraxis bzw. Ekstasetechnik zur vermehrten Wahrnehmung und Bedeutung von entoptischen Ph\u00e4nomenen gef\u00fchrt hatte (vgl. Dowson\/Lewis-Williams 1988; Tausin 2010b, 2006a). Dazu geh\u00f6ren auch die \u201eLeuchtstruktur Mouches volantes\u201c. Diese visuellen Erscheinungen haben Eingang in die Kunst und Vorstellungswelt der ersten Hochkulturen gefunden \u2013 sie wurden entweder aus der pal\u00e4olithischen Malerei tradiert oder von sp\u00e4teren Schamanen oder Mystikern aufs Neue beobachtet und interpretiert. Aus den Weltdeutungen der Hochkulturen entwickelten sich die Religionen, die wir heute kennen. Meine These ist es, dass Mouches volantes Spuren in deren Mythen, Bildern und Symbolen hinterlassen haben.<\/p>\n<p>Teil 1: Schamanismus und Soma<br \/>\nDie vedische Kultur (ca. 1500-500 v. Chr.)&#8230;<\/p>\n","protected":false},"excerpt":{"rendered":"<p>Schamanismus und Soma<\/p>\n","protected":false},"featured_media":1002,"template":"","meta":[],"product_brand":[],"product_cat":[44],"product_tag":[179,182,186,45,184,185,129,135],"class_list":{"0":"post-1001","1":"product","2":"type-product","3":"status-publish","4":"has-post-thumbnail","6":"product_cat-artikel","7":"product_tag-entoptischen-phaenomene","8":"product_tag-mystiker","9":"product_tag-mythen","10":"product_tag-pdf-datei","11":"product_tag-schamanismus","12":"product_tag-soma","13":"product_tag-veden","14":"product_tag-visuell","16":"first","17":"instock","18":"downloadable","19":"virtual","20":"purchasable","21":"product-type-simple"},"_links":{"self":[{"href":"https:\/\/www.mouches-volantes.com\/wordpress\/index.php?rest_route=\/wp\/v2\/product\/1001","targetHints":{"allow":["GET"]}}],"collection":[{"href":"https:\/\/www.mouches-volantes.com\/wordpress\/index.php?rest_route=\/wp\/v2\/product"}],"about":[{"href":"https:\/\/www.mouches-volantes.com\/wordpress\/index.php?rest_route=\/wp\/v2\/types\/product"}],"wp:featuredmedia":[{"embeddable":true,"href":"https:\/\/www.mouches-volantes.com\/wordpress\/index.php?rest_route=\/wp\/v2\/media\/1002"}],"wp:attachment":[{"href":"https:\/\/www.mouches-volantes.com\/wordpress\/index.php?rest_route=%2Fwp%2Fv2%2Fmedia&parent=1001"}],"wp:term":[{"taxonomy":"product_brand","embeddable":true,"href":"https:\/\/www.mouches-volantes.com\/wordpress\/index.php?rest_route=%2Fwp%2Fv2%2Fproduct_brand&post=1001"},{"taxonomy":"product_cat","embeddable":true,"href":"https:\/\/www.mouches-volantes.com\/wordpress\/index.php?rest_route=%2Fwp%2Fv2%2Fproduct_cat&post=1001"},{"taxonomy":"product_tag","embeddable":true,"href":"https:\/\/www.mouches-volantes.com\/wordpress\/index.php?rest_route=%2Fwp%2Fv2%2Fproduct_tag&post=1001"}],"curies":[{"name":"wp","href":"https:\/\/api.w.org\/{rel}","templated":true}]}}