{"id":1007,"date":"2023-01-06T18:36:58","date_gmt":"2023-01-06T18:36:58","guid":{"rendered":"https:\/\/www.mouches-volantes.com\/wordpress\/?post_type=product&#038;p=1007"},"modified":"2023-01-06T18:36:58","modified_gmt":"2023-01-06T18:36:58","slug":"artikel-mouches-volantes-strukturen-in-den-veden-teil-3","status":"publish","type":"product","link":"https:\/\/www.mouches-volantes.com\/wordpress\/?product=artikel-mouches-volantes-strukturen-in-den-veden-teil-3","title":{"rendered":"Artikel:<p>  Mouches-volantes-Strukturen in den Veden \u2013 Teil 3"},"content":{"rendered":"<div class=\"row-fluid\">\n<div class=\"offset1 span10 content\">(Artikel von Floco Tausin, PDF-Datei)<\/p>\n<p>Das Ph\u00e4nomen der Mouches volantes wird in unserer Kultur vorwiegend im Einklang mit der modernen medizinischen Sicht verstanden, wo es als \u201eGlask\u00f6rpertr\u00fcbung\u201c gilt. Aussereurop\u00e4ische und fr\u00fchere religi\u00f6se Traditionen geben hingegen Hinweise darauf, dass Mouches volantes als spirituelles oder kosmisches Ph\u00e4nomen gedeutet wurden. Ihre Bilder, Mythen und Symbole zeigen immer wieder Strukturen, die auch f\u00fcr die Punkte und F\u00e4den in unserem Blickfeld typisch sind. Das Sehen von Mouches volantes k\u00f6nnte somit eine Tiefe haben, die uns heute nicht mehr bewusst ist. Im letzten Teil dieses dreiteiligen Artikels werden mythische Faden- und R\u00f6hrenstrukturen vorgestellt, die durch Mouchesvolantes-F\u00e4den inspiriert sein k\u00f6nnten.<\/p>\n<p>Teil 3: Faden- und R\u00f6hren-Strukturen<\/p>\n<p>S\u00e4ulen und Pfosten<\/p>\n<p>Bereits in der Steinzeit stellten Menschen Baumst\u00e4mme, Pfosten, Pf\u00e4hle oder Menhire auf, um kosmische und mythische Vorstellungen und Prozesse zu symbolisieren. So wurde etwa die g\u00f6ttliche Potenz, eine bestimmte Gottheit, oder der Mittelpunkt des Universums durch solche S\u00e4ulen ausgedr\u00fcckt. Oft wurden steinzeitliche S\u00e4ulen mit Kreisstrukturen oder runden Gef\u00e4ssen wie Scheiben oder Becken kombiniert. Dies l\u00e4sst sich als ein Symbol f\u00fcr die Vereinigung von m\u00e4nnlicher und weiblicher Potenz verstehen, im weiteren Sinn auch als Repr\u00e4sentation von irdischen und kosmischen Sch\u00f6pfungsvorg\u00e4ngen&#8230;<\/p><\/div>\n<\/div>\n","protected":false},"excerpt":{"rendered":"<p>Opfers\u00e4ule, Weltenbaum, Indras Netz und Nadis<\/p>\n","protected":false},"featured_media":1008,"template":"","meta":[],"product_brand":[],"product_cat":[44],"product_tag":[105,190,191,192,45,101,129,147],"class_list":{"0":"post-1007","1":"product","2":"type-product","3":"status-publish","4":"has-post-thumbnail","6":"product_cat-artikel","7":"product_tag-leuchtstruktur","8":"product_tag-lndras-netz","9":"product_tag-nadis","10":"product_tag-opfersaeule","11":"product_tag-pdf-datei","12":"product_tag-phaenomen","13":"product_tag-veden","14":"product_tag-weltenbaum","16":"first","17":"instock","18":"downloadable","19":"virtual","20":"purchasable","21":"product-type-simple"},"_links":{"self":[{"href":"https:\/\/www.mouches-volantes.com\/wordpress\/index.php?rest_route=\/wp\/v2\/product\/1007","targetHints":{"allow":["GET"]}}],"collection":[{"href":"https:\/\/www.mouches-volantes.com\/wordpress\/index.php?rest_route=\/wp\/v2\/product"}],"about":[{"href":"https:\/\/www.mouches-volantes.com\/wordpress\/index.php?rest_route=\/wp\/v2\/types\/product"}],"wp:featuredmedia":[{"embeddable":true,"href":"https:\/\/www.mouches-volantes.com\/wordpress\/index.php?rest_route=\/wp\/v2\/media\/1008"}],"wp:attachment":[{"href":"https:\/\/www.mouches-volantes.com\/wordpress\/index.php?rest_route=%2Fwp%2Fv2%2Fmedia&parent=1007"}],"wp:term":[{"taxonomy":"product_brand","embeddable":true,"href":"https:\/\/www.mouches-volantes.com\/wordpress\/index.php?rest_route=%2Fwp%2Fv2%2Fproduct_brand&post=1007"},{"taxonomy":"product_cat","embeddable":true,"href":"https:\/\/www.mouches-volantes.com\/wordpress\/index.php?rest_route=%2Fwp%2Fv2%2Fproduct_cat&post=1007"},{"taxonomy":"product_tag","embeddable":true,"href":"https:\/\/www.mouches-volantes.com\/wordpress\/index.php?rest_route=%2Fwp%2Fv2%2Fproduct_tag&post=1007"}],"curies":[{"name":"wp","href":"https:\/\/api.w.org\/{rel}","templated":true}]}}