{"id":1013,"date":"2023-01-06T18:53:59","date_gmt":"2023-01-06T18:53:59","guid":{"rendered":"https:\/\/www.mouches-volantes.com\/wordpress\/?post_type=product&#038;p=1013"},"modified":"2023-01-06T18:53:59","modified_gmt":"2023-01-06T18:53:59","slug":"artikel-mouches-volantes-strukturen-in-nordamerika-teil-2","status":"publish","type":"product","link":"https:\/\/www.mouches-volantes.com\/wordpress\/?product=artikel-mouches-volantes-strukturen-in-nordamerika-teil-2","title":{"rendered":"Artikel:<p>  Mouches-volantes-Strukturen in Nordamerika \u2013 Teil 2"},"content":{"rendered":"<div class=\"row-fluid\">\n<div class=\"offset1 span10 content\">(<em>pdf Datei, 25 Abb.<\/em>)<\/p>\n<p>Mouches volantes \u2013 Glask\u00f6rpertr\u00fcbung oder Bewusstseinslicht? Der Blick auf die Kunst fr\u00fcherer und aussereurop\u00e4ischer Kulturen l\u00e4sst vermuten, dass Mouches volantes f\u00fcr eine Vielzahl von Menschen eine spirituelle Bedeutung hatten. In diesem Artikel werden Mouches-volantes-Motive in den Kulturen der nordamerikanischen Indianer vorgestellt.<\/p>\n<p>Dieser Artikel basiert auf der Erfahrung, dass eine bestimmte Art von Mouches volantes \u2013 die \u201eLeuchtstruktur Mouches volantes\u201c \u2013 mehr sind als eine \u201eGlask\u00f6rpertr\u00fcbung\u201c, wie die Augenheilkunde behauptet. Diese Einsicht kam zu mir durch meinen Lehrer, dem Seher Nestor. In meiner weiteren Forschung fand ich zahlreiche Hinweise darauf, dass Mouches volantes \u2013 zusammen mit anderen entoptischen Erscheinungen \u2013 von fr\u00fcheren Menschen vieler Kulturen wahrgenommen und k\u00fcnstlerisch \u00fcberliefert wurden. Wahrscheinlich wurden sie im Zuge bewusstseinsver\u00e4ndernder Ritualpraktiken vermehrt gesehen und mythisch oder spirituell gedeutet. Dieser Artikel unterst\u00fctzt diese Vermutung, indem er Mouches-volantes-Strukturen in einigen der indigenen Kulturen Nordamerikas pr\u00e4sentiert. Die Kulturen der Subarktis und der Nordwestk\u00fcste kamen bereits in einem anderen Artikel zur Sprache, hier sollen einzelne Kulturen in Kalifornien (Chumash), im Grossen Becken (Shoshone), die Pueblo-Kulturen im S\u00fcdwesten, die Algonkin- und Sioux-Gruppen im Osten und der Grossen Pr\u00e4rie, sowie die Erdh\u00fcgelbauer-Kulturen im S\u00fcdosten betrachtet werden&#8230;<\/p>\n<\/div>\n<\/div>\n","protected":false},"excerpt":{"rendered":"<p>Sonnenscheiben und Medizinr\u00e4der<\/p>\n","protected":false},"featured_media":1014,"template":"","meta":[],"product_brand":[],"product_cat":[44],"product_tag":[201,197,195,199,45,198,196,200],"class_list":{"0":"post-1013","1":"product","2":"type-product","3":"status-publish","4":"has-post-thumbnail","6":"product_cat-artikel","7":"product_tag-entoptischen-erscheinungen","8":"product_tag-indianer","9":"product_tag-medizinrad","10":"product_tag-mythisch","11":"product_tag-pdf-datei","12":"product_tag-sioux","13":"product_tag-sonnenscheibe","14":"product_tag-spirituell","16":"first","17":"instock","18":"downloadable","19":"virtual","20":"purchasable","21":"product-type-simple"},"_links":{"self":[{"href":"https:\/\/www.mouches-volantes.com\/wordpress\/index.php?rest_route=\/wp\/v2\/product\/1013","targetHints":{"allow":["GET"]}}],"collection":[{"href":"https:\/\/www.mouches-volantes.com\/wordpress\/index.php?rest_route=\/wp\/v2\/product"}],"about":[{"href":"https:\/\/www.mouches-volantes.com\/wordpress\/index.php?rest_route=\/wp\/v2\/types\/product"}],"wp:featuredmedia":[{"embeddable":true,"href":"https:\/\/www.mouches-volantes.com\/wordpress\/index.php?rest_route=\/wp\/v2\/media\/1014"}],"wp:attachment":[{"href":"https:\/\/www.mouches-volantes.com\/wordpress\/index.php?rest_route=%2Fwp%2Fv2%2Fmedia&parent=1013"}],"wp:term":[{"taxonomy":"product_brand","embeddable":true,"href":"https:\/\/www.mouches-volantes.com\/wordpress\/index.php?rest_route=%2Fwp%2Fv2%2Fproduct_brand&post=1013"},{"taxonomy":"product_cat","embeddable":true,"href":"https:\/\/www.mouches-volantes.com\/wordpress\/index.php?rest_route=%2Fwp%2Fv2%2Fproduct_cat&post=1013"},{"taxonomy":"product_tag","embeddable":true,"href":"https:\/\/www.mouches-volantes.com\/wordpress\/index.php?rest_route=%2Fwp%2Fv2%2Fproduct_tag&post=1013"}],"curies":[{"name":"wp","href":"https:\/\/api.w.org\/{rel}","templated":true}]}}