{"id":1019,"date":"2023-01-06T19:05:02","date_gmt":"2023-01-06T19:05:02","guid":{"rendered":"https:\/\/www.mouches-volantes.com\/wordpress\/?post_type=product&#038;p=1019"},"modified":"2025-04-19T18:34:05","modified_gmt":"2025-04-19T18:34:05","slug":"ebuch-mouches-volantes-glaskoerpertruebung-oder-nervensystem","status":"publish","type":"product","link":"https:\/\/www.mouches-volantes.com\/wordpress\/?product=ebuch-mouches-volantes-glaskoerpertruebung-oder-nervensystem","title":{"rendered":"eBuch:<p> Mouches volantes \u2013 Glask\u00f6rpertr\u00fcbung oder Nervensystem?"},"content":{"rendered":"<p>(<em>epub und kpf Datei, 21 Abb.<\/em>)<\/p>\n<p>Alle haben sie, fast alle sehen sie, und nur wenige schauen hin: die vereinzelten, transparenten und beweglichen Punkte und F\u00e4den im Blickfeld. In der Augenheilkunde werden sie \u201eMouches volantes\u201c genannt und als Glask\u00f6rpertr\u00fcbung verstanden.<\/p>\n<p>Doch stimmt diese Erkl\u00e4rung? Der Autor, Floco Tausin, folgt in diesem Buch der seherischen Erfahrung, dass Mouches volantes keine Glask\u00f6rpertr\u00fcbung, sondern eine leuchtende Struktur und ein Ausdruck unseres Bewusstseinszustandes sind.<\/p>\n<p>Um die Diskrepanz zwischen der augenheilkundlichen und der seherischen Erkl\u00e4rung zu \u00fcberbr\u00fccken, schl\u00e4gt der Autor in diesem Buch vor, die Mouches volantes als eine Erscheinung des Sehnervensystems zu begreifen. Die Vermutung ist, dass Mouches volantes das Resultat einer fr\u00fchen visuellen Bewusstwerdung der Signale in der Sehbahn sind, die die Kern-Umkreis-Struktur der neuronalen rezeptiven Felder aufweisen.<\/p>\n","protected":false},"excerpt":{"rendered":"<p>Fliegende M\u00fccken als wahrnehmbarer Aspekt des visuellen Nervensystems<\/p>\n","protected":false},"featured_media":1018,"template":"","meta":[],"product_brand":[],"product_cat":[41,280],"product_tag":[113,80,43,175,104,79,132,202],"class_list":{"0":"post-1019","1":"product","2":"type-product","3":"status-publish","4":"has-post-thumbnail","6":"product_cat-ebuch-publikationen","7":"product_cat-ebuch-sachbuecher","8":"product_tag-augen","9":"product_tag-bewusstsein","10":"product_tag-ebuch","11":"product_tag-glaskoerpertruebung","12":"product_tag-medizin","13":"product_tag-mouches-volantes","14":"product_tag-nervensystem","15":"product_tag-ophthalmology","17":"first","18":"instock","19":"downloadable","20":"virtual","21":"purchasable","22":"product-type-simple"},"_links":{"self":[{"href":"https:\/\/www.mouches-volantes.com\/wordpress\/index.php?rest_route=\/wp\/v2\/product\/1019","targetHints":{"allow":["GET"]}}],"collection":[{"href":"https:\/\/www.mouches-volantes.com\/wordpress\/index.php?rest_route=\/wp\/v2\/product"}],"about":[{"href":"https:\/\/www.mouches-volantes.com\/wordpress\/index.php?rest_route=\/wp\/v2\/types\/product"}],"wp:featuredmedia":[{"embeddable":true,"href":"https:\/\/www.mouches-volantes.com\/wordpress\/index.php?rest_route=\/wp\/v2\/media\/1018"}],"wp:attachment":[{"href":"https:\/\/www.mouches-volantes.com\/wordpress\/index.php?rest_route=%2Fwp%2Fv2%2Fmedia&parent=1019"}],"wp:term":[{"taxonomy":"product_brand","embeddable":true,"href":"https:\/\/www.mouches-volantes.com\/wordpress\/index.php?rest_route=%2Fwp%2Fv2%2Fproduct_brand&post=1019"},{"taxonomy":"product_cat","embeddable":true,"href":"https:\/\/www.mouches-volantes.com\/wordpress\/index.php?rest_route=%2Fwp%2Fv2%2Fproduct_cat&post=1019"},{"taxonomy":"product_tag","embeddable":true,"href":"https:\/\/www.mouches-volantes.com\/wordpress\/index.php?rest_route=%2Fwp%2Fv2%2Fproduct_tag&post=1019"}],"curies":[{"name":"wp","href":"https:\/\/api.w.org\/{rel}","templated":true}]}}