{"id":1024,"date":"2023-01-07T10:22:57","date_gmt":"2023-01-07T10:22:57","guid":{"rendered":"https:\/\/www.mouches-volantes.com\/wordpress\/?post_type=product&#038;p=1024"},"modified":"2023-01-07T10:22:57","modified_gmt":"2023-01-07T10:22:57","slug":"artikel-leuchtende-essenz","status":"publish","type":"product","link":"https:\/\/www.mouches-volantes.com\/wordpress\/?product=artikel-leuchtende-essenz","title":{"rendered":"Artikel:<p> Leuchtende Essenz"},"content":{"rendered":"<p>(<em>pdf Datei, 28 Abb.<\/em>)<\/p>\n<p>Mouches volantes \u2013 Glask\u00f6rpertr\u00fcbung oder Bewusstseinslicht? Der Blick auf die Kunst fr\u00fcherer und aussereurop\u00e4ischer Kulturen l\u00e4sst vermuten, dass Mouches volantes f\u00fcr eine Vielzahl von Menschen eine spirituelle Bedeutung hatten. In diesem Artikel werden Mouches volantes-Motive der alten Zivilisationen Mesoamerikas vorgestellt.<\/p>\n<p>Dieser Artikel basiert auf der Erfahrung, dass eine bestimmte Art von Mouches volantes \u2013 die \u201eLeuchtstruktur Mouches volantes\u201c \u2013 nicht eine \u201eGlask\u00f6rpertr\u00fcbung\u201c sind, wie die Augenheilkunde vertritt. Sondern es handelt sich um Erscheinungen unseres Bewusstseins, die sich durch psychophysische Praktiken zu grossen, nahen und hellen Lichtstrukturen entwickeln und dadurch die Lichtnatur unserer Existenz enth\u00fcllen. Diese Einsicht kam zu mir durch meinen Lehrer, dem Seher Nestor.<\/p>\n<p>In meiner weiteren Forschung fand ich zahlreiche Hinweise darauf, dass Mouches volantes \u2013 zusammen mit anderen entoptischen, d.h. innerhalb des Sehsystems erzeugten, Erscheinungen \u2013 von fr\u00fcheren Menschen vieler Kulturen wahrgenommen und k\u00fcnstlerisch \u00fcberliefert wurden. Wahrscheinlich wurden sie im Zuge bewusstseinsver\u00e4ndernder Ritualpraktiken vermehrt gesehen und mythisch oder spirituell gedeutet. In diesem Artikel unterst\u00fctzte ich diese Vermutung, indem ich Mouches volantesStrukturen in einigen der indigenen Kulturen des alten Mesoamerikas untersuche, insbesondere der Olmeken, der Mayas und der Azteken.<\/p>\n<p>Vorkolumbianische Zivilisationen in Mesoamerika<br \/>\nMesoamerika ist ein zusammenh\u00e4ngendes Kulturareal in Mittelamerika, das Gebiete von Mexiko, Guatemala, Belize, El Salvador, Honduras, Nicaragua und das n\u00f6rdliche Costa Rica umfasst. Hier entwickelten sich von ca. 1500 v. Chr. bis zur Ankunft der Spanier im 16. Jh. mehrere indianische Zivilisationen&#8230;<\/p>\n","protected":false},"excerpt":{"rendered":"<p>Mouches volantes in der alten mesoamerikanischen Kunst<\/p>\n","protected":false},"featured_media":1025,"template":"","meta":[],"product_brand":[],"product_cat":[44],"product_tag":[205,206,105,204,203,199,45,200],"class_list":{"0":"post-1024","1":"product","2":"type-product","3":"status-publish","4":"has-post-thumbnail","6":"product_cat-artikel","7":"product_tag-azteken","8":"product_tag-idianer","9":"product_tag-leuchtstruktur","10":"product_tag-mayas","11":"product_tag-mesoamerika","12":"product_tag-mythisch","13":"product_tag-pdf-datei","14":"product_tag-spirituell","16":"first","17":"instock","18":"downloadable","19":"virtual","20":"purchasable","21":"product-type-simple"},"_links":{"self":[{"href":"https:\/\/www.mouches-volantes.com\/wordpress\/index.php?rest_route=\/wp\/v2\/product\/1024","targetHints":{"allow":["GET"]}}],"collection":[{"href":"https:\/\/www.mouches-volantes.com\/wordpress\/index.php?rest_route=\/wp\/v2\/product"}],"about":[{"href":"https:\/\/www.mouches-volantes.com\/wordpress\/index.php?rest_route=\/wp\/v2\/types\/product"}],"wp:featuredmedia":[{"embeddable":true,"href":"https:\/\/www.mouches-volantes.com\/wordpress\/index.php?rest_route=\/wp\/v2\/media\/1025"}],"wp:attachment":[{"href":"https:\/\/www.mouches-volantes.com\/wordpress\/index.php?rest_route=%2Fwp%2Fv2%2Fmedia&parent=1024"}],"wp:term":[{"taxonomy":"product_brand","embeddable":true,"href":"https:\/\/www.mouches-volantes.com\/wordpress\/index.php?rest_route=%2Fwp%2Fv2%2Fproduct_brand&post=1024"},{"taxonomy":"product_cat","embeddable":true,"href":"https:\/\/www.mouches-volantes.com\/wordpress\/index.php?rest_route=%2Fwp%2Fv2%2Fproduct_cat&post=1024"},{"taxonomy":"product_tag","embeddable":true,"href":"https:\/\/www.mouches-volantes.com\/wordpress\/index.php?rest_route=%2Fwp%2Fv2%2Fproduct_tag&post=1024"}],"curies":[{"name":"wp","href":"https:\/\/api.w.org\/{rel}","templated":true}]}}