{"id":1027,"date":"2023-01-07T10:29:53","date_gmt":"2023-01-07T10:29:53","guid":{"rendered":"https:\/\/www.mouches-volantes.com\/wordpress\/?post_type=product&#038;p=1027"},"modified":"2023-01-07T10:29:53","modified_gmt":"2023-01-07T10:29:53","slug":"artikel-mouches-volantes-im-alten-europa-teil-1","status":"publish","type":"product","link":"https:\/\/www.mouches-volantes.com\/wordpress\/?product=artikel-mouches-volantes-im-alten-europa-teil-1","title":{"rendered":"Artikel:<p> Mouches volantes im alten Europa \u2013 Teil 1"},"content":{"rendered":"<div class=\"row-fluid\">\n<div class=\"offset1 span10 content\">(<em>pdf Datei, 12 Abb.<\/em>)<\/p>\n<p>Mouches volantes \u2013 Glask\u00f6rpertr\u00fcbung oder Bewusstseinslicht? Der Blick auf die Kunst fr\u00fcherer Kulturen l\u00e4sst vermuten, dass Mouches volantes f\u00fcr eine Vielzahl von Menschen eine spirituelle Bedeutung hatten. In diesem Artikel werden Mouches-volantes-Motive im pr\u00e4historischen Europa vorgestellt. Teil 1 besch\u00e4ftigt sich mit den megalithischen Kulturen.<\/p>\n<p>Alle haben sie, fast alle sehen sie, und fast niemand schaut hin: die vereinzelten, transparenten und beweglichen Punkte und F\u00e4den im Blickfeld, in der Augenheilkunde \u201eMouches volantes\u201c genannt und als Glask\u00f6rpertr\u00fcbung erkl\u00e4rt. Dieser Artikel basiert auf der Erfahrung, dass diese Punkte und F\u00e4den \u2013 die \u201eLeuchtstruktur Mouches volantes\u201c \u2013 keine Tr\u00fcbung, sondern eine leuchtende Struktur und Ausdruck unseres Bewusstseinszustandes sind. Diese Einsicht kam zu mir durch meinen Lehrer Nestor. In meiner weiteren Forschung fand ich zahlreiche Hinweise darauf, dass die Kugeln und F\u00e4den der Leuchtstruktur \u2013 zusammen mit anderen entoptischen Erscheinungen \u2013 bereits von fr\u00fcheren Menschen vieler Kulturen wahrgenommen wurden. Die Vermutung ist, dass fr\u00fche Ekstatiker oder Schamanen sie w\u00e4hrend Praktiken der rituellen Bewusstseinsver\u00e4nderung gesehen, mythisch oder spirituell gedeutet, k\u00fcnstlerisch ausgedr\u00fcckt und damit an sp\u00e4tere Generationen vermittelt haben. Dieser Artikel unterst\u00fctzt diese Sicht, indem er Punkt-und-Faden-Strukturen in einigen der fr\u00fchen Kulturen Europas pr\u00e4sentiert. Teil 1 besch\u00e4ftigt sich mit den megalithischen Kulturen.<\/p>\n<p>Vorgeschichte<br \/>\nFr\u00fche Menschen der Gattung Homo besiedelten Europa bereits vor 1 Mio. Jahren. Doch Spuren eines vielf\u00e4ltigen kulturellen Lebens gibt es ab 40\u2018000 v.u.Z mit der Dominanz des Homo sapiens&#8230;<\/p><\/div>\n<\/div>\n","protected":false},"excerpt":{"rendered":"<p>Leuchtstruktur als Grundlage megalithischer Bauwerke<\/p>\n","protected":false},"featured_media":1028,"template":"","meta":[],"product_brand":[],"product_cat":[44],"product_tag":[207,166,105,208,45,194,200],"class_list":{"0":"post-1027","1":"product","2":"type-product","3":"status-publish","4":"has-post-thumbnail","6":"product_cat-artikel","7":"product_tag-ekstatiker","8":"product_tag-kultur","9":"product_tag-leuchtstruktur","10":"product_tag-megalithen","11":"product_tag-pdf-datei","12":"product_tag-schamanen","13":"product_tag-spirituell","15":"first","16":"instock","17":"downloadable","18":"virtual","19":"purchasable","20":"product-type-simple"},"_links":{"self":[{"href":"https:\/\/www.mouches-volantes.com\/wordpress\/index.php?rest_route=\/wp\/v2\/product\/1027","targetHints":{"allow":["GET"]}}],"collection":[{"href":"https:\/\/www.mouches-volantes.com\/wordpress\/index.php?rest_route=\/wp\/v2\/product"}],"about":[{"href":"https:\/\/www.mouches-volantes.com\/wordpress\/index.php?rest_route=\/wp\/v2\/types\/product"}],"wp:featuredmedia":[{"embeddable":true,"href":"https:\/\/www.mouches-volantes.com\/wordpress\/index.php?rest_route=\/wp\/v2\/media\/1028"}],"wp:attachment":[{"href":"https:\/\/www.mouches-volantes.com\/wordpress\/index.php?rest_route=%2Fwp%2Fv2%2Fmedia&parent=1027"}],"wp:term":[{"taxonomy":"product_brand","embeddable":true,"href":"https:\/\/www.mouches-volantes.com\/wordpress\/index.php?rest_route=%2Fwp%2Fv2%2Fproduct_brand&post=1027"},{"taxonomy":"product_cat","embeddable":true,"href":"https:\/\/www.mouches-volantes.com\/wordpress\/index.php?rest_route=%2Fwp%2Fv2%2Fproduct_cat&post=1027"},{"taxonomy":"product_tag","embeddable":true,"href":"https:\/\/www.mouches-volantes.com\/wordpress\/index.php?rest_route=%2Fwp%2Fv2%2Fproduct_tag&post=1027"}],"curies":[{"name":"wp","href":"https:\/\/api.w.org\/{rel}","templated":true}]}}