{"id":1050,"date":"2023-01-07T11:31:51","date_gmt":"2023-01-07T11:31:51","guid":{"rendered":"https:\/\/www.mouches-volantes.com\/wordpress\/?post_type=product&#038;p=1050"},"modified":"2023-01-07T11:31:52","modified_gmt":"2023-01-07T11:31:52","slug":"artikel-mouches-volantes-in-den-religionen-judentum","status":"publish","type":"product","link":"https:\/\/www.mouches-volantes.com\/wordpress\/?product=artikel-mouches-volantes-in-den-religionen-judentum","title":{"rendered":"Artikel:<p> Mouches volantes in den Religionen: Judentum"},"content":{"rendered":"<div class=\"offset1 span10 content\">(<em>pdf Datei, 26 Abb.<\/em>)<\/p>\n<p>Mouches volantes \u2013 Glask\u00f6rpertr\u00fcbung oder Bewusstseinslicht? Der Blick auf die Religionen l\u00e4sst vermuten, dass Mouches volantes f\u00fcr eine Vielzahl von Menschen eine spirituelle Bedeutung hatten. In diesem Artikel werden Mouches-volantes-Motive in der j\u00fcdischen Religion vorgestellt.<\/p>\n<p>Alle haben sie, fast alle sehen sie, und nur wenige schauen hin: die vereinzelten, transparenten und beweglichen Punkte und F\u00e4den im Blickfeld. In der Augenheilkunde werden sie \u201eMouches volantes\u201c genannt und als Glask\u00f6rpertr\u00fcbung verstanden. Dieser Artikel basiert auf der seherischen Erfahrung, dass Mouches volantes keine Tr\u00fcbung, sondern eine leuchtende Struktur und ein Ausdruck unseres Bewusstseinszustandes sind. Deshalb nenne ich sie im Folgenden \u201eLeuchtstruktur\u201c oder \u201eLeuchtkugeln\u201c und \u201eLeuchtf\u00e4den\u201c.<\/p>\n<p>In meiner weiteren Forschung fand ich zahlreiche Hinweise darauf, dass die Kugeln und F\u00e4den der Leuchtstruktur \u2013 zusammen mit anderen entoptischen Erscheinungen \u2013 bereits von fr\u00fcheren Menschen vieler Kulturen wahrgenommen wurden. Die Vermutung ist, dass fr\u00fche Ekstatiker oder Schamanen sie w\u00e4hrend Praktiken der rituellen Bewusstseinsver\u00e4nderung gesehen, mythisch oder spirituell gedeutet, k\u00fcnstlerisch oder symbolisch ausgedr\u00fcckt und so an sp\u00e4tere Generationen vermittelt haben. In dieser Artikelreihe entwickle ich diese Idee weiter: Als sich die Religionen als eigene Systeme herauszubilden begannen, wurden auch sie Tr\u00e4ger der Leuchtstruktur-Symbolik. Mit dieser These widmet sich der vorliegende Artikel dem Judentum.<\/p>\n<p>Die j\u00fcdische Religion in der Geschichte<\/p>\n<p>\u201eJ\u00fcdisch sein\u201c bedeutet die Geschichte, Kultur und Religion einer Gemeinschaft zu leben, die auf das Volk der Israeliten zur\u00fcckgeht. Urspr\u00fcnglich waren die Israeliten ein halbnomadisches Volk im bronzezeitlichen Nahen Osten. In der \u00dcberlieferung werden sie greifbar mit den Stammv\u00e4tern Abraham, Isaak, Jakob (\u201eIsrael\u201c genannt) sowie dessen 12 S\u00f6hne, auf die die 12 St\u00e4mme Israels zur\u00fcckgehen&#8230;<\/p><\/div>\n","protected":false},"excerpt":{"rendered":"<p>Bibel, Merkaba, Kabbala<\/p>\n","protected":false},"featured_media":1051,"template":"","meta":[],"product_brand":[],"product_cat":[44],"product_tag":[225,222,155,226,221,224,166,223,45,103],"class_list":{"0":"post-1050","1":"product","2":"type-product","3":"status-publish","4":"has-post-thumbnail","6":"product_cat-artikel","7":"product_tag-abraham","8":"product_tag-bibel","9":"product_tag-gott","10":"product_tag-isaak","11":"product_tag-judentum","12":"product_tag-kabbala","13":"product_tag-kultur","14":"product_tag-merkaba","15":"product_tag-pdf-datei","16":"product_tag-religion","18":"first","19":"instock","20":"downloadable","21":"virtual","22":"purchasable","23":"product-type-simple"},"_links":{"self":[{"href":"https:\/\/www.mouches-volantes.com\/wordpress\/index.php?rest_route=\/wp\/v2\/product\/1050","targetHints":{"allow":["GET"]}}],"collection":[{"href":"https:\/\/www.mouches-volantes.com\/wordpress\/index.php?rest_route=\/wp\/v2\/product"}],"about":[{"href":"https:\/\/www.mouches-volantes.com\/wordpress\/index.php?rest_route=\/wp\/v2\/types\/product"}],"wp:featuredmedia":[{"embeddable":true,"href":"https:\/\/www.mouches-volantes.com\/wordpress\/index.php?rest_route=\/wp\/v2\/media\/1051"}],"wp:attachment":[{"href":"https:\/\/www.mouches-volantes.com\/wordpress\/index.php?rest_route=%2Fwp%2Fv2%2Fmedia&parent=1050"}],"wp:term":[{"taxonomy":"product_brand","embeddable":true,"href":"https:\/\/www.mouches-volantes.com\/wordpress\/index.php?rest_route=%2Fwp%2Fv2%2Fproduct_brand&post=1050"},{"taxonomy":"product_cat","embeddable":true,"href":"https:\/\/www.mouches-volantes.com\/wordpress\/index.php?rest_route=%2Fwp%2Fv2%2Fproduct_cat&post=1050"},{"taxonomy":"product_tag","embeddable":true,"href":"https:\/\/www.mouches-volantes.com\/wordpress\/index.php?rest_route=%2Fwp%2Fv2%2Fproduct_tag&post=1050"}],"curies":[{"name":"wp","href":"https:\/\/api.w.org\/{rel}","templated":true}]}}