{"id":1053,"date":"2023-01-07T11:39:09","date_gmt":"2023-01-07T11:39:09","guid":{"rendered":"https:\/\/www.mouches-volantes.com\/wordpress\/?post_type=product&#038;p=1053"},"modified":"2023-01-07T11:39:09","modified_gmt":"2023-01-07T11:39:09","slug":"artikel-mouches-volantes-in-den-religionen-das-christentum-teil-1","status":"publish","type":"product","link":"https:\/\/www.mouches-volantes.com\/wordpress\/?product=artikel-mouches-volantes-in-den-religionen-das-christentum-teil-1","title":{"rendered":"Artikel:<p>  Mouches volantes in den Religionen: Das Christentum \u2013 Teil 1"},"content":{"rendered":"<div class=\"offset1 span10 content\">(<em>pdf Datei, 11 Abb.<\/em>)<\/p>\n<p>Mouches volantes \u2013 Glask\u00f6rpertr\u00fcbung oder Bewusstseinslicht? Der Blick auf die Religionen l\u00e4sst vermuten, dass Mouches volantes f\u00fcr eine Vielzahl von Menschen eine spirituelle Bedeutung hatten. In diesem Artikel werden Mouches-volantes-Motive in der christlichen Religion vorgestellt.<\/p>\n<p>Alle haben sie, fast alle sehen sie, und nur wenige schauen hin: die vereinzelten, transparenten und beweglichen Punkte und F\u00e4den im Blickfeld. In der Augenheilkunde werden sie \u201eMouches volantes\u201c genannt und als Glask\u00f6rpertr\u00fcbung verstanden. Dieser Artikel basiert auf der seherischen Erfahrung, dass Mouches volantes keine Tr\u00fcbung, sondern eine leuchtende Struktur und ein Ausdruck unseres Bewusstseinszustandes sind. Deshalb nenne ich sie im Folgenden \u201eLeuchtstruktur\u201c oder \u201eLeuchtkugeln\u201c und \u201eLeuchtf\u00e4den\u201c.<\/p>\n<p>In meiner weiteren Forschung fand ich zahlreiche Hinweise darauf, dass die Kugeln und F\u00e4den der Leuchtstruktur \u2013 zusammen mit anderen entoptischen Erscheinungen \u2013 bereits von fr\u00fcheren Menschen vieler Kulturen wahrgenommen wurden. Die Vermutung ist, dass fr\u00fche Ekstatiker oder Schamanen sie w\u00e4hrend Praktiken der rituellen Bewusstseinsver\u00e4nderung gesehen, mythisch oder spirituell gedeutet und k\u00fcnstlerisch ausgedr\u00fcckt haben. Und dass diese Erscheinungen von da Eingang in die fr\u00fchen Zivilisationen gefunden haben oder auch neu entdeckt wurden. In dieser Artikelreihe entwickle ich diese Idee weiter: Als sich die Religionen als eigene Systeme herauszubilden begannen, wurden auch sie Tr\u00e4ger der Leuchtstruktur-Symbolik. Mit dieser These widmet sich der vorliegende Artikel dem Neuen Testament und der fr\u00fchchristlichen Mystik.<\/p>\n<p>Die christliche Religion in Lehre und Geschichte<br \/>\nDas christliche Verst\u00e4ndnis von Welt und Kosmos gr\u00fcndet in der j\u00fcdischen Religion, kreist aber um die Person Jesus von Nazareth. \u00dcber den historischen Jesus ist wenig bekannt \u2013 vermutlich ist er in Galil\u00e4a (Nordisrael) aufgewachsen, war Zimmermann und ist von Johannes dem T\u00e4ufer getauft worden&#8230;<\/p><\/div>\n","protected":false},"excerpt":{"rendered":"<p>Neues Testament<\/p>\n","protected":false},"featured_media":1054,"template":"","meta":[],"product_brand":[],"product_cat":[44],"product_tag":[227,229,155,230,81,45,103,228],"class_list":{"0":"post-1053","1":"product","2":"type-product","3":"status-publish","4":"has-post-thumbnail","6":"product_cat-artikel","7":"product_tag-christentum","8":"product_tag-christus","9":"product_tag-gott","10":"product_tag-jesus","11":"product_tag-mystik","12":"product_tag-pdf-datei","13":"product_tag-religion","14":"product_tag-testament","16":"first","17":"instock","18":"downloadable","19":"virtual","20":"purchasable","21":"product-type-simple"},"_links":{"self":[{"href":"https:\/\/www.mouches-volantes.com\/wordpress\/index.php?rest_route=\/wp\/v2\/product\/1053","targetHints":{"allow":["GET"]}}],"collection":[{"href":"https:\/\/www.mouches-volantes.com\/wordpress\/index.php?rest_route=\/wp\/v2\/product"}],"about":[{"href":"https:\/\/www.mouches-volantes.com\/wordpress\/index.php?rest_route=\/wp\/v2\/types\/product"}],"wp:featuredmedia":[{"embeddable":true,"href":"https:\/\/www.mouches-volantes.com\/wordpress\/index.php?rest_route=\/wp\/v2\/media\/1054"}],"wp:attachment":[{"href":"https:\/\/www.mouches-volantes.com\/wordpress\/index.php?rest_route=%2Fwp%2Fv2%2Fmedia&parent=1053"}],"wp:term":[{"taxonomy":"product_brand","embeddable":true,"href":"https:\/\/www.mouches-volantes.com\/wordpress\/index.php?rest_route=%2Fwp%2Fv2%2Fproduct_brand&post=1053"},{"taxonomy":"product_cat","embeddable":true,"href":"https:\/\/www.mouches-volantes.com\/wordpress\/index.php?rest_route=%2Fwp%2Fv2%2Fproduct_cat&post=1053"},{"taxonomy":"product_tag","embeddable":true,"href":"https:\/\/www.mouches-volantes.com\/wordpress\/index.php?rest_route=%2Fwp%2Fv2%2Fproduct_tag&post=1053"}],"curies":[{"name":"wp","href":"https:\/\/api.w.org\/{rel}","templated":true}]}}