{"id":1056,"date":"2023-01-07T11:47:41","date_gmt":"2023-01-07T11:47:41","guid":{"rendered":"https:\/\/www.mouches-volantes.com\/wordpress\/?post_type=product&#038;p=1056"},"modified":"2023-01-07T11:47:42","modified_gmt":"2023-01-07T11:47:42","slug":"artikel-mouches-volantes-in-den-religionen-das-christentum-teil-2","status":"publish","type":"product","link":"https:\/\/www.mouches-volantes.com\/wordpress\/?product=artikel-mouches-volantes-in-den-religionen-das-christentum-teil-2","title":{"rendered":"Artikel:<p>  Mouches volantes in den Religionen: Das Christentum &#8211; Teil 2"},"content":{"rendered":"<div class=\"offset1 span10 content\">(<em>pdf Datei, 16 Abb.<\/em>)<\/p>\n<p>Mouches volantes \u2013 Glask\u00f6rpertr\u00fcbung oder Bewusstseinslicht? Der Blick auf die Religionen l\u00e4sst vermuten, dass Mouches volantes f\u00fcr viele Menschen eine spirituelle Bedeutung hatten. In diesem Artikel werden Mouches-volantes-Motive in der mittelalterlichen christlichen Mystik vorgestellt.<\/p>\n<p>Alle haben sie, fast alle sehen sie, und nur wenige schauen hin: die vereinzelten, transparenten und beweglichen Punkte und F\u00e4den im Blickfeld. In der Augenheilkunde werden sie \u201eMouches volantes\u201c genannt und als Glask\u00f6rpertr\u00fcbung verstanden. Dieser Artikel basiert auf der seherischen Erfahrung, dass Mouches volantes keine Tr\u00fcbung, sondern eine leuchtende Struktur und ein Ausdruck unseres Bewusstseinszustandes sind. Deshalb nenne ich sie im Folgenden \u201eLeuchtstruktur\u201c oder \u201eLeuchtkugeln\u201c und \u201eLeuchtf\u00e4den\u201c.<\/p>\n<p>In meiner weiteren Forschung fand ich zahlreiche Hinweise darauf, dass die Kugeln und F\u00e4den der Leuchtstruktur \u2013 zusammen mit anderen entoptischen Erscheinungen \u2013 bereits von fr\u00fcheren Menschen vieler Kulturen wahrgenommen wurden. Die Vermutung ist, dass fr\u00fche Ekstatiker oder Schamanen sie w\u00e4hrend Praktiken der rituellen Bewusstseinsver\u00e4nderung gesehen, mythisch oder spirituell gedeutet und k\u00fcnstlerisch ausgedr\u00fcckt haben. Und dass diese Erscheinungen von da Eingang in die fr\u00fchen Zivilisationen gefunden haben oder auch neu entdeckt wurden. In dieser Artikelreihe entwickle ich diese Idee weiter: Als sich die Religionen als eigene Systeme herauszubilden begannen, wurden auch sie Tr\u00e4ger der Leuchtstruktur-Symbolik. Mit dieser These widmet sich der vorliegende Artikel der christlichen Mystik im mittelalterlichen Europa.<\/p>\n<p>Keltisches Christentum<br \/>\nDie fr\u00fchen christlichen Gnostiker und Mystiker propagierten eine Weltsicht, in der Erl\u00f6sung f\u00fcr alle jenseits der kirchlichen Vermittlung m\u00f6glich war. Voraussetzungen waren ein weltabgewandtes Leben in Besitzlosigkeit und die Reinigung von K\u00f6rper, Seele und Geist durch Askese und Kontemplation. Auf dem europ\u00e4ischen Festland entwickelte sich das M\u00f6nchtum jedoch eher auf der Grundlage des Kirchenlehrers Augustinus von Hippo (354-430): ihm zufolge musste die S\u00fcndhaftigkeit des Menschen unterdr\u00fcckt und kontrolliert werden, der Mensch habe keinen freien Willen, nur Gottes Gnade kann ihn erl\u00f6sen. Ekstatische und vision\u00e4re Gotteserkenntnis hatte hier wenig Raum, eine Vergottung des Menschen wie im Hesychasmus war unm\u00f6glich&#8230;<\/p><\/div>\n","protected":false},"excerpt":{"rendered":"<p>Christliche Mystik<\/p>\n","protected":false},"featured_media":1057,"template":"","meta":[],"product_brand":[],"product_cat":[44],"product_tag":[233,227,207,231,155,234,81,45,232],"class_list":{"0":"post-1056","1":"product","2":"type-product","3":"status-publish","4":"has-post-thumbnail","6":"product_cat-artikel","7":"product_tag-askese","8":"product_tag-christentum","9":"product_tag-ekstatiker","10":"product_tag-gnostiker","11":"product_tag-gott","12":"product_tag-hildegard-von-bingen","13":"product_tag-mystik","14":"product_tag-pdf-datei","15":"product_tag-seele","17":"first","18":"instock","19":"downloadable","20":"virtual","21":"purchasable","22":"product-type-simple"},"_links":{"self":[{"href":"https:\/\/www.mouches-volantes.com\/wordpress\/index.php?rest_route=\/wp\/v2\/product\/1056","targetHints":{"allow":["GET"]}}],"collection":[{"href":"https:\/\/www.mouches-volantes.com\/wordpress\/index.php?rest_route=\/wp\/v2\/product"}],"about":[{"href":"https:\/\/www.mouches-volantes.com\/wordpress\/index.php?rest_route=\/wp\/v2\/types\/product"}],"wp:featuredmedia":[{"embeddable":true,"href":"https:\/\/www.mouches-volantes.com\/wordpress\/index.php?rest_route=\/wp\/v2\/media\/1057"}],"wp:attachment":[{"href":"https:\/\/www.mouches-volantes.com\/wordpress\/index.php?rest_route=%2Fwp%2Fv2%2Fmedia&parent=1056"}],"wp:term":[{"taxonomy":"product_brand","embeddable":true,"href":"https:\/\/www.mouches-volantes.com\/wordpress\/index.php?rest_route=%2Fwp%2Fv2%2Fproduct_brand&post=1056"},{"taxonomy":"product_cat","embeddable":true,"href":"https:\/\/www.mouches-volantes.com\/wordpress\/index.php?rest_route=%2Fwp%2Fv2%2Fproduct_cat&post=1056"},{"taxonomy":"product_tag","embeddable":true,"href":"https:\/\/www.mouches-volantes.com\/wordpress\/index.php?rest_route=%2Fwp%2Fv2%2Fproduct_tag&post=1056"}],"curies":[{"name":"wp","href":"https:\/\/api.w.org\/{rel}","templated":true}]}}