{"id":1059,"date":"2023-01-07T11:58:52","date_gmt":"2023-01-07T11:58:52","guid":{"rendered":"https:\/\/www.mouches-volantes.com\/wordpress\/?post_type=product&#038;p=1059"},"modified":"2025-04-19T18:31:57","modified_gmt":"2025-04-19T18:31:57","slug":"ebuch-mouches-volantes-in-der-kunst-und-religion-der-hochkulturen","status":"publish","type":"product","link":"https:\/\/www.mouches-volantes.com\/wordpress\/?product=ebuch-mouches-volantes-in-der-kunst-und-religion-der-hochkulturen","title":{"rendered":"eBuch:<p> Mouches volantes in der Kunst und Religion der Hochkulturen"},"content":{"rendered":"<p>(<em>epub und kpf-Datei, 130 Abb.<\/em>)<\/p>\n<p>Alle haben sie, fast alle sehen sie, und nur wenige schauen hin: die vereinzelten, transparenten und beweglichen Punkte und F\u00e4den im Blickfeld. In der Augenheilkunde werden sie \u201eMouches volantes\u201c genannt und als Glask\u00f6rpertr\u00fcbung verstanden.<\/p>\n<p>Doch stimmt diese Erkl\u00e4rung? Der Autor, Floco Tausin, folgt in diesem Buch der seherischen Erfahrung, dass Mouches volantes keine Glask\u00f6rpertr\u00fcbung, sondern eine leuchtende Struktur und ein Ausdruck unseres Bewusstseinszustandes sind. Diese Leuchtstruktur, so die Annahme, wurde zu allen Zeiten und in allen Kulturen von Menschen gesehen, die Techniken der Bewusstseinsver\u00e4nderung eingesetzt haben.<\/p>\n<p>In dieser Sammlung von fr\u00fcher ver\u00f6ffentlichten und \u00fcberarbeiteten Texten sp\u00fcrt der Autor der Leuchtstruktur des Bewusstseins in der Kunst und Religion der Hochkulturen nach. Behandelt werden \u00c4gypten, Mesopotamien, die Industal-Kultur, das Alte China, Mesoamerika und Griechenland.<\/p>\n","protected":false},"excerpt":{"rendered":"<p>\u00c4gypten, Mesopotamien, die Industal-Kultur, das Alte China, Mesoamerika und Griechenland<\/p>\n","protected":false},"featured_media":1061,"template":"","meta":[],"product_brand":[],"product_cat":[41,280],"product_tag":[237,235,43,236,157,203,163,79,103],"class_list":{"0":"post-1059","1":"product","2":"type-product","3":"status-publish","4":"has-post-thumbnail","6":"product_cat-ebuch-publikationen","7":"product_cat-ebuch-sachbuecher","8":"product_tag-aegyten","9":"product_tag-china","10":"product_tag-ebuch","11":"product_tag-industalkultur","12":"product_tag-kunst","13":"product_tag-mesoamerika","14":"product_tag-mesopotamien","15":"product_tag-mouches-volantes","16":"product_tag-religion","18":"first","19":"instock","20":"downloadable","21":"virtual","22":"purchasable","23":"product-type-simple"},"_links":{"self":[{"href":"https:\/\/www.mouches-volantes.com\/wordpress\/index.php?rest_route=\/wp\/v2\/product\/1059","targetHints":{"allow":["GET"]}}],"collection":[{"href":"https:\/\/www.mouches-volantes.com\/wordpress\/index.php?rest_route=\/wp\/v2\/product"}],"about":[{"href":"https:\/\/www.mouches-volantes.com\/wordpress\/index.php?rest_route=\/wp\/v2\/types\/product"}],"wp:featuredmedia":[{"embeddable":true,"href":"https:\/\/www.mouches-volantes.com\/wordpress\/index.php?rest_route=\/wp\/v2\/media\/1061"}],"wp:attachment":[{"href":"https:\/\/www.mouches-volantes.com\/wordpress\/index.php?rest_route=%2Fwp%2Fv2%2Fmedia&parent=1059"}],"wp:term":[{"taxonomy":"product_brand","embeddable":true,"href":"https:\/\/www.mouches-volantes.com\/wordpress\/index.php?rest_route=%2Fwp%2Fv2%2Fproduct_brand&post=1059"},{"taxonomy":"product_cat","embeddable":true,"href":"https:\/\/www.mouches-volantes.com\/wordpress\/index.php?rest_route=%2Fwp%2Fv2%2Fproduct_cat&post=1059"},{"taxonomy":"product_tag","embeddable":true,"href":"https:\/\/www.mouches-volantes.com\/wordpress\/index.php?rest_route=%2Fwp%2Fv2%2Fproduct_tag&post=1059"}],"curies":[{"name":"wp","href":"https:\/\/api.w.org\/{rel}","templated":true}]}}