{"id":1081,"date":"2023-01-07T13:31:11","date_gmt":"2023-01-07T13:31:11","guid":{"rendered":"https:\/\/www.mouches-volantes.com\/wordpress\/?post_type=product&#038;p=1081"},"modified":"2023-01-07T13:31:11","modified_gmt":"2023-01-07T13:31:11","slug":"artikel-mouches-volantes-in-den-religionen-der-hinduismus-teil-1","status":"publish","type":"product","link":"https:\/\/www.mouches-volantes.com\/wordpress\/?product=artikel-mouches-volantes-in-den-religionen-der-hinduismus-teil-1","title":{"rendered":"Artikel:<p>  Mouches volantes in den Religionen: Der Hinduismus \u2013 Teil 1"},"content":{"rendered":"<div class=\"row-fluid\">\n<div class=\"offset1 span10 content\">(<em>pdf Datei, 10 Abb.<\/em>)<\/p>\n<p>Mouches volantes \u2013 Glask\u00f6rpertr\u00fcbung oder Bewusstseinslicht? Der Blick auf die Religionen l\u00e4sst vermuten, dass Mouches volantes f\u00fcr viele Menschen eine spirituelle Bedeutung hatten. In diesem Artikel werden Mouches-volantes-Motive im Hinduismus vorgestellt.<\/p>\n<p>Alle haben sie, fast alle sehen sie, und nur wenige schauen hin: die vereinzelten, transparenten und beweglichen Punkte und F\u00e4den im Blickfeld. In der Augenheilkunde werden sie \u201eMouches volantes\u201c genannt und als Glask\u00f6rpertr\u00fcbung verstanden. Dieser Artikel basiert auf der seherischen Erfahrung, dass Mouches volantes keine Tr\u00fcbung, sondern eine leuchtende Struktur und ein Ausdruck unseres Bewusstseinszustandes sind. Deshalb nenne ich sie im Folgenden \u201eLeuchtstruktur\u201c oder \u201eLeuchtkugeln\u201c und\u201eLeuchtf\u00e4den\u201c.<\/p>\n<p>In meiner weiteren Forschung fand ich zahlreiche Hinweise darauf, dass die Kugeln und F\u00e4den der Leuchtstruktur \u2013 zusammen mit anderen entoptischen Erscheinungen \u2013 bereits von fr\u00fcheren Menschen vieler Kulturen wahrgenommen wurden. Die Vermutung ist, dass fr\u00fche Ekstatiker oder Schamanen sie w\u00e4hrend Praktiken der rituellen Bewusstseinsver\u00e4nderung gesehen, mythisch oder spirituell gedeutet und k\u00fcnstlerisch ausgedr\u00fcckt haben. Und dass diese Erscheinungen von da Eingang in die fr\u00fchen Zivilisationen gefunden haben oder auch immer<br \/>\nwieder neu entdeckt wurden. In dieser Artikelreihe entwickle ich diese Idee weiter: Als sich die Religionen als eigene Systeme herauszubilden begannen, wurden auch sie Tr\u00e4ger der Leuchtstruktur-Symbolik. Mit dieser These widmet sich der vorliegende Artikel dem Hinduismus mit Schwerpunkt auf dem Yoga.<\/p>\n<p>Der Hinduismus<br \/>\n\u201eHinduismus\u201c ist eine Sammelbezeichnung f\u00fcr Religionen, die auf dem indischen Subkontinent entstanden sind und die Autorit\u00e4t der Veden anerkennen. Die Veden sind die heiligen Texte der Indo-Arier, ein halbnomadisches Reitervolk aus Zentralasien. Die Arier siedelten ab ca. 1800 v. Chr. im Nordwesten Indiens. Ihre Priester, die Brahmanen, f\u00fchrten Opferrituale gem\u00e4ss den vedischen Texten durch. Im Verlauf des ersten Jahrtausends v. Chr. gerieten die vedischen Rituale und die Vorherrschaft der Brahmanen in Kritik. An die Stelle der Aufrechterhaltung der sozialen und rituellen Ordnung trat als neues Ideal die individuelle Befreiung (Skr. moksha) aus dem Wiedergeburtenkreislauf (Skr. samsara) und die Erkenntnis der Identit\u00e4t der eigenen Seele (Skr. atman) mit der universellen Weltseele (Skr. brahman). Die j\u00fcngsten vedischen Textschichten, die Upanishaden, waren Ausdruck dieser neuen esoterisch-asketischen Spiritualit\u00e4t. Sie zeugen von den Anf\u00e4ngen des Yoga&#8230;<\/p><\/div>\n<\/div>\n","protected":false},"excerpt":{"rendered":"<p>Kosmos und Tattvas; Atman und Brahman; Netz, Faden, Perlenkette<\/p>\n","protected":false},"featured_media":1082,"template":"","meta":[],"product_brand":[],"product_cat":[44],"product_tag":[189,112,255,254,252,45,103,253,129,126],"class_list":{"0":"post-1081","1":"product","2":"type-product","3":"status-publish","4":"has-post-thumbnail","6":"product_cat-artikel","7":"product_tag-atman","8":"product_tag-brahman","9":"product_tag-brahmanen","10":"product_tag-hinduismus","11":"product_tag-kosmos","12":"product_tag-pdf-datei","13":"product_tag-religion","14":"product_tag-tattvas","15":"product_tag-veden","16":"product_tag-yoga","18":"first","19":"instock","20":"downloadable","21":"virtual","22":"purchasable","23":"product-type-simple"},"_links":{"self":[{"href":"https:\/\/www.mouches-volantes.com\/wordpress\/index.php?rest_route=\/wp\/v2\/product\/1081","targetHints":{"allow":["GET"]}}],"collection":[{"href":"https:\/\/www.mouches-volantes.com\/wordpress\/index.php?rest_route=\/wp\/v2\/product"}],"about":[{"href":"https:\/\/www.mouches-volantes.com\/wordpress\/index.php?rest_route=\/wp\/v2\/types\/product"}],"wp:featuredmedia":[{"embeddable":true,"href":"https:\/\/www.mouches-volantes.com\/wordpress\/index.php?rest_route=\/wp\/v2\/media\/1082"}],"wp:attachment":[{"href":"https:\/\/www.mouches-volantes.com\/wordpress\/index.php?rest_route=%2Fwp%2Fv2%2Fmedia&parent=1081"}],"wp:term":[{"taxonomy":"product_brand","embeddable":true,"href":"https:\/\/www.mouches-volantes.com\/wordpress\/index.php?rest_route=%2Fwp%2Fv2%2Fproduct_brand&post=1081"},{"taxonomy":"product_cat","embeddable":true,"href":"https:\/\/www.mouches-volantes.com\/wordpress\/index.php?rest_route=%2Fwp%2Fv2%2Fproduct_cat&post=1081"},{"taxonomy":"product_tag","embeddable":true,"href":"https:\/\/www.mouches-volantes.com\/wordpress\/index.php?rest_route=%2Fwp%2Fv2%2Fproduct_tag&post=1081"}],"curies":[{"name":"wp","href":"https:\/\/api.w.org\/{rel}","templated":true}]}}