{"id":1084,"date":"2023-01-07T13:37:48","date_gmt":"2023-01-07T13:37:48","guid":{"rendered":"https:\/\/www.mouches-volantes.com\/wordpress\/?post_type=product&#038;p=1084"},"modified":"2023-01-07T13:37:49","modified_gmt":"2023-01-07T13:37:49","slug":"artikel-mouches-volantes-in-den-religionen-der-hinduismus-teil-2","status":"publish","type":"product","link":"https:\/\/www.mouches-volantes.com\/wordpress\/?product=artikel-mouches-volantes-in-den-religionen-der-hinduismus-teil-2","title":{"rendered":"Artikel:<p>  Mouches volantes in den Religionen: Der Hinduismus \u2013 Teil 2"},"content":{"rendered":"<div class=\"row-fluid\">\n<div class=\"offset1 span10 content\">(<em>pdf Datei, 14 Abb.<\/em>)<\/p>\n<p>Mouches volantes \u2013 Glask\u00f6rpertr\u00fcbung oder Bewusstseinslicht? Der Blick auf Religionen l\u00e4sst vermuten, dass Mouches volantes f\u00fcr viele Menschen eine spirituelle Bedeutung hatten. In diesem Artikel werden Mouches-volantes-Motive im indischen Yoga vorgestellt.<\/p>\n<p>Alle haben sie, fast alle sehen sie, und nur wenige schauen hin: die vereinzelten, transparenten und beweglichen Punkte und F\u00e4den im Blickfeld. In der Augenheilkunde werden sie \u201eMouches volantes\u201c genannt und als Glask\u00f6rpertr\u00fcbung verstanden. Dieser Artikel basiert auf der seherischen Erfahrung, dass Mouches volantes keine Tr\u00fcbung, sondern eine leuchtende Struktur und ein Ausdruck unseres Bewusstseinszustandes sind. Deshalb nenne ich sie im Folgenden \u201eLeuchtstruktur\u201c oder \u201eLeuchtkugeln\u201c und \u201eLeuchtf\u00e4den\u201c.<\/p>\n<p>In meiner weiteren Forschung fand ich zahlreiche Hinweise darauf, dass die Kugeln und F\u00e4den der Leuchtstruktur \u2013 zusammen mit anderen entoptischen Erscheinungen \u2013 bereits von fr\u00fcheren Menschen vieler Kulturen wahrgenommen wurden. Die Vermutung ist, dass fr\u00fche Ekstatiker oder Schamanen sie w\u00e4hrend Praktiken der rituellen Bewusstseinsver\u00e4nderung gesehen, mythisch oder spirituell gedeutet und k\u00fcnstlerisch ausgedr\u00fcckt haben. Und dass diese Erscheinungen von da Eingang in die fr\u00fchen Zivilisationen gefunden haben oder auch immer wieder neu entdeckt wurden. In dieser Artikelreihe entwickle ich diese Idee weiter: Als sich die Religionen als eigene Systeme herauszubilden begannen, wurden auch sie Tr\u00e4ger der Leuchtstruktur-Symbolik. Mit dieser These widmet sich der vorliegende Artikel dem Hinduismus mit Schwerpunkt auf dem Yoga.<\/p>\n<p>Om und die inneren Kl\u00e4nge<br \/>\nDie heilige Silbe Om ist eines der bekanntesten religi\u00f6sen Symbole des Hinduismus. Sie steht f\u00fcr den transzendenten Ur-Klang, f\u00fcr die formlose h\u00f6chste Realit\u00e4t, f\u00fcr das Brahman als Quelle aller Manifestation&#8230;<\/p>\n<\/div>\n<\/div>\n","protected":false},"excerpt":{"rendered":"<p>Om und die inneren Kl\u00e4nge; Der Bindu; Chakras, Nadis, Kundalini<\/p>\n","protected":false},"featured_media":1086,"template":"","meta":[],"product_brand":[],"product_cat":[44],"product_tag":[258,255,259,254,257,191,256,45,103,126],"class_list":{"0":"post-1084","1":"product","2":"type-product","3":"status-publish","4":"has-post-thumbnail","6":"product_cat-artikel","7":"product_tag-bindu","8":"product_tag-brahmanen","9":"product_tag-chakras","10":"product_tag-hinduismus","11":"product_tag-kundalini","12":"product_tag-nadis","13":"product_tag-om","14":"product_tag-pdf-datei","15":"product_tag-religion","16":"product_tag-yoga","18":"first","19":"instock","20":"downloadable","21":"virtual","22":"purchasable","23":"product-type-simple"},"_links":{"self":[{"href":"https:\/\/www.mouches-volantes.com\/wordpress\/index.php?rest_route=\/wp\/v2\/product\/1084","targetHints":{"allow":["GET"]}}],"collection":[{"href":"https:\/\/www.mouches-volantes.com\/wordpress\/index.php?rest_route=\/wp\/v2\/product"}],"about":[{"href":"https:\/\/www.mouches-volantes.com\/wordpress\/index.php?rest_route=\/wp\/v2\/types\/product"}],"wp:featuredmedia":[{"embeddable":true,"href":"https:\/\/www.mouches-volantes.com\/wordpress\/index.php?rest_route=\/wp\/v2\/media\/1086"}],"wp:attachment":[{"href":"https:\/\/www.mouches-volantes.com\/wordpress\/index.php?rest_route=%2Fwp%2Fv2%2Fmedia&parent=1084"}],"wp:term":[{"taxonomy":"product_brand","embeddable":true,"href":"https:\/\/www.mouches-volantes.com\/wordpress\/index.php?rest_route=%2Fwp%2Fv2%2Fproduct_brand&post=1084"},{"taxonomy":"product_cat","embeddable":true,"href":"https:\/\/www.mouches-volantes.com\/wordpress\/index.php?rest_route=%2Fwp%2Fv2%2Fproduct_cat&post=1084"},{"taxonomy":"product_tag","embeddable":true,"href":"https:\/\/www.mouches-volantes.com\/wordpress\/index.php?rest_route=%2Fwp%2Fv2%2Fproduct_tag&post=1084"}],"curies":[{"name":"wp","href":"https:\/\/api.w.org\/{rel}","templated":true}]}}