{"id":1090,"date":"2023-01-07T13:49:48","date_gmt":"2023-01-07T13:49:48","guid":{"rendered":"https:\/\/www.mouches-volantes.com\/wordpress\/?post_type=product&#038;p=1090"},"modified":"2023-01-07T13:49:49","modified_gmt":"2023-01-07T13:49:49","slug":"artikel-mouches-volantes-in-den-religionen-der-buddhismus-teil-1","status":"publish","type":"product","link":"https:\/\/www.mouches-volantes.com\/wordpress\/?product=artikel-mouches-volantes-in-den-religionen-der-buddhismus-teil-1","title":{"rendered":"Artikel:<p>  Mouches volantes in den Religionen: Der Buddhismus \u2013 Teil 1"},"content":{"rendered":"<div class=\"offset1 span10 content\">(<em>pdf Datei, 12 Abb.<\/em>)<\/p>\n<p>Mouches volantes \u2013 Glask\u00f6rpertr\u00fcbung oder Bewusstseinslicht? Der Blick auf Religionen l\u00e4sst vermuten, dass Mouches volantes f\u00fcr viele Menschen eine spirituelle Bedeutung hatten. In diesem Artikel werden Mouches-volantes-Motive im Buddhismus vorgestellt.<\/p>\n<p>Alle haben sie, fast alle sehen sie, und nur wenige schauen hin: die vereinzelten, transparenten und beweglichen Punkte und F\u00e4den im Blickfeld. In der Augenheilkunde werden sie \u201eMouches volantes\u201c genannt und als Glask\u00f6rpertr\u00fcbung verstanden. Dieser Artikel basiert auf der seherischen Erfahrung, dass Mouches volantes keine Tr\u00fcbung, sondern eine leuchtende Struktur und ein Ausdruck unseres Bewusstseinszustandes sind. Deshalb nenne ich sie im Folgenden \u201eLeuchtstruktur\u201c oder \u201eLeuchtkugeln\u201c und \u201eLeuchtf\u00e4den\u201c.<\/p>\n<p>In meiner weiteren Forschung fand ich zahlreiche Hinweise darauf, dass die Kugeln und F\u00e4den der Leuchtstruktur \u2013 zusammen mit anderen entoptischen Erscheinungen \u2013 bereits von fr\u00fcheren Menschen vieler Kulturen wahrgenommen wurden. Die Vermutung ist, dass fr\u00fche Ekstatiker oder Schamanen sie w\u00e4hrend Praktiken der rituellen Bewusstseinsver\u00e4nderung gesehen, mythisch oder spirituell gedeutet und k\u00fcnstlerisch ausgedr\u00fcckt haben. Und dass diese Erscheinungen von da Eingang in die fr\u00fchen Zivilisationen gefunden haben oder auch immer wieder neu entdeckt wurden. In dieser Artikelreihe entwickle ich diese Idee weiter: Als sich die Religionen als eigene Systeme herauszubilden begannen, wurden auch sie Tr\u00e4ger der Leuchtstruktur-Symbolik. Mit dieser These widmet sich der vorliegende Artikel dem Buddhismus.<\/p>\n<p>Die buddhistische Religion geht auf die historische Figur des Siddharta aus der Familie der Gautamas zur\u00fcck. Er lebte irgendwann zwischen dem 6. und 4. Jh. v. Chr. in Nordindien. Gem\u00e4ss der Tradition verbrachte er eine sorgenfreie und beh\u00fctete Jugend als Prinz des F\u00fcrstentums der Shakya. Bei einer Ausfahrt aus dem Palast begegnete er jedoch einem Alten, einem Kranken, einem Toten und einem M\u00f6nch. Diese Begegnungen ver\u00e4nderten sein Leben&#8230;<\/p><\/div>\n","protected":false},"excerpt":{"rendered":"<p>Buddhistische Kunst<\/p>\n","protected":false},"featured_media":1091,"template":"","meta":[],"product_brand":[],"product_cat":[44],"product_tag":[80,94,157,105,45,103,260],"class_list":{"0":"post-1090","1":"product","2":"type-product","3":"status-publish","4":"has-post-thumbnail","6":"product_cat-artikel","7":"product_tag-bewusstsein","8":"product_tag-buddhismus","9":"product_tag-kunst","10":"product_tag-leuchtstruktur","11":"product_tag-pdf-datei","12":"product_tag-religion","13":"product_tag-sidharta","15":"first","16":"instock","17":"downloadable","18":"virtual","19":"purchasable","20":"product-type-simple"},"_links":{"self":[{"href":"https:\/\/www.mouches-volantes.com\/wordpress\/index.php?rest_route=\/wp\/v2\/product\/1090","targetHints":{"allow":["GET"]}}],"collection":[{"href":"https:\/\/www.mouches-volantes.com\/wordpress\/index.php?rest_route=\/wp\/v2\/product"}],"about":[{"href":"https:\/\/www.mouches-volantes.com\/wordpress\/index.php?rest_route=\/wp\/v2\/types\/product"}],"wp:featuredmedia":[{"embeddable":true,"href":"https:\/\/www.mouches-volantes.com\/wordpress\/index.php?rest_route=\/wp\/v2\/media\/1091"}],"wp:attachment":[{"href":"https:\/\/www.mouches-volantes.com\/wordpress\/index.php?rest_route=%2Fwp%2Fv2%2Fmedia&parent=1090"}],"wp:term":[{"taxonomy":"product_brand","embeddable":true,"href":"https:\/\/www.mouches-volantes.com\/wordpress\/index.php?rest_route=%2Fwp%2Fv2%2Fproduct_brand&post=1090"},{"taxonomy":"product_cat","embeddable":true,"href":"https:\/\/www.mouches-volantes.com\/wordpress\/index.php?rest_route=%2Fwp%2Fv2%2Fproduct_cat&post=1090"},{"taxonomy":"product_tag","embeddable":true,"href":"https:\/\/www.mouches-volantes.com\/wordpress\/index.php?rest_route=%2Fwp%2Fv2%2Fproduct_tag&post=1090"}],"curies":[{"name":"wp","href":"https:\/\/api.w.org\/{rel}","templated":true}]}}