{"id":1211,"date":"2023-04-11T15:09:49","date_gmt":"2023-04-11T15:09:49","guid":{"rendered":"https:\/\/www.mouches-volantes.com\/wordpress\/?post_type=product&#038;p=1211"},"modified":"2023-04-11T15:22:19","modified_gmt":"2023-04-11T15:22:19","slug":"artikel-mouches-volantes-in-den-religionen-der-buddhismus-teil-4","status":"publish","type":"product","link":"https:\/\/www.mouches-volantes.com\/wordpress\/?product=artikel-mouches-volantes-in-den-religionen-der-buddhismus-teil-4","title":{"rendered":"Artikel:<p> Mouches volantes in den Religionen: Der Buddhismus \u2013 Teil 4"},"content":{"rendered":"<div>(<em>pdf Datei, 12 Abb.<\/em>)<\/div>\n<div><\/div>\n<div class=\"offset1 span10 content\">\n<p>Mouches volantes \u2013 Glask\u00f6rpertr\u00fcbung oder Bewusstseinslicht? Der Blick auf Religionen l\u00e4sst vermuten, dass Mouches volantes f\u00fcr viele Menschen eine spirituelle Bedeutung hatten. In diesem Artikel werden Mouches-volantes-Motive im Buddhismus vorgestellt.<\/p>\n<p>Alle haben sie, fast alle sehen sie, und nur wenige schauen hin: die vereinzelten, transparenten und beweglichen Punkte und F\u00e4den im Blickfeld. In der Augenheilkunde werden sie \u201eMouches volantes\u201c genannt und als Glask\u00f6rpertr\u00fcbung verstanden. Dieser Artikel basiert auf der seherischen Erfahrung, dass Mouches volantes keine Tr\u00fcbung, sondern eine leuchtende Struktur und ein Ausdruck unseres Bewusstseinszustandes sind. Deshalb nenne ich sie im Folgenden \u201eLeuchtstruktur\u201c oder \u201eLeuchtkugeln\u201c und \u201eLeuchtf\u00e4den\u201c.<\/p>\n<p>In meiner weiteren Forschung fand ich zahlreiche Hinweise darauf, dass die Kugeln und F\u00e4den der Leuchtstruktur \u2013 zusammen mit anderen entoptischen Erscheinungen \u2013 bereits von fr\u00fcheren Menschen vieler Kulturen wahrgenommen wurden. Die Vermutung ist, dass fr\u00fche Ekstatiker oder Schamanen sie w\u00e4hrend Praktiken der rituellen Bewusstseinsver\u00e4nderung gesehen, mythisch oder spirituell gedeutet und k\u00fcnstlerisch ausgedr\u00fcckt haben. Und dass diese Erscheinungen von da Eingang in die fr\u00fchen Zivilisationen gefunden haben oder auch immer wieder neu entdeckt wurden. In dieser Artikelreihe entwickle ich diese Idee weiter: Als sich die Religionen als eigene Systeme herauszubilden begannen, wurden auch sie Tr\u00e4ger der Leuchtstruktur-Symbolik. Mit dieser These widmet sich der vorliegende Artikel dem Buddhismus.<\/p>\n<p>Im tibetischen Buddhismus des 11. und 12. Jh. verbreiteten sich zwei vision\u00e4re Praktiken, die zur<br \/>\nWahrnehmung und Interpretation entoptischer Erscheinungen beigetragen haben: einerseits der<br \/>\nwochenlange R\u00fcckzug in dunkle R\u00e4ume, andererseits der aufmerksame Blick in den Himmel. Beide bauten auf vorhandenen tantrischen Praktiken auf, so den Visualisierungen von Buddhas, von Mandalas und des subtilen Energiek\u00f6rpers mit Chakras und Nadis (vgl. Dahl 2009). Beide vision\u00e4re Praktiken werden teilweise auch aus \u00e4lteren buddhistischen Werken wie dem Prajnaparamitasutra (8000-Zeilen-Version, ca. 1. Jh. v. Chr.) abgeleitet oder als \u201eSch\u00e4tze\u201c (tib. terma) fr\u00fcherer Meister \u201ewiederentdeckt\u201c und damit legitimiert. Es waren insbesondere zwei Traditionen, die diese Praktiken intensiv nutzten: die Lehre der \u201eZeit des Rades\u201c (skr. kalacakra), die haupts\u00e4chlich von den<br \/>\nKagy\u00fc-, Sakya- und Gelug-Schulen gelehrt wird, sowie die \u201eGrosse Perfektion\u201c (tib. dzogchen), eine Praxis der Nyingma-Schule und der B\u00f6n-Religion&#8230;<\/p>\n<\/div>\n","protected":false},"excerpt":{"rendered":"<p>Die Grosse Perfektion (Dzogchen)<\/p>\n","protected":false},"featured_media":1215,"template":"","meta":[],"product_brand":[],"product_cat":[44],"product_tag":[80,274,94,259,93,273,191,45,128],"class_list":{"0":"post-1211","1":"product","2":"type-product","3":"status-publish","4":"has-post-thumbnail","6":"product_cat-artikel","7":"product_tag-bewusstsein","8":"product_tag-boen","9":"product_tag-buddhismus","10":"product_tag-chakras","11":"product_tag-dzogchen","12":"product_tag-mandala","13":"product_tag-nadis","14":"product_tag-pdf-datei","15":"product_tag-visionen","17":"first","18":"instock","19":"downloadable","20":"virtual","21":"purchasable","22":"product-type-simple"},"_links":{"self":[{"href":"https:\/\/www.mouches-volantes.com\/wordpress\/index.php?rest_route=\/wp\/v2\/product\/1211","targetHints":{"allow":["GET"]}}],"collection":[{"href":"https:\/\/www.mouches-volantes.com\/wordpress\/index.php?rest_route=\/wp\/v2\/product"}],"about":[{"href":"https:\/\/www.mouches-volantes.com\/wordpress\/index.php?rest_route=\/wp\/v2\/types\/product"}],"wp:featuredmedia":[{"embeddable":true,"href":"https:\/\/www.mouches-volantes.com\/wordpress\/index.php?rest_route=\/wp\/v2\/media\/1215"}],"wp:attachment":[{"href":"https:\/\/www.mouches-volantes.com\/wordpress\/index.php?rest_route=%2Fwp%2Fv2%2Fmedia&parent=1211"}],"wp:term":[{"taxonomy":"product_brand","embeddable":true,"href":"https:\/\/www.mouches-volantes.com\/wordpress\/index.php?rest_route=%2Fwp%2Fv2%2Fproduct_brand&post=1211"},{"taxonomy":"product_cat","embeddable":true,"href":"https:\/\/www.mouches-volantes.com\/wordpress\/index.php?rest_route=%2Fwp%2Fv2%2Fproduct_cat&post=1211"},{"taxonomy":"product_tag","embeddable":true,"href":"https:\/\/www.mouches-volantes.com\/wordpress\/index.php?rest_route=%2Fwp%2Fv2%2Fproduct_tag&post=1211"}],"curies":[{"name":"wp","href":"https:\/\/api.w.org\/{rel}","templated":true}]}}