{"id":1719,"date":"2025-10-29T09:51:27","date_gmt":"2025-10-29T09:51:27","guid":{"rendered":"https:\/\/www.mouches-volantes.com\/wordpress\/?post_type=product&#038;p=1719"},"modified":"2026-03-07T21:02:34","modified_gmt":"2026-03-07T21:02:34","slug":"buch-neun-lichter-der-kraftort-der-seher","status":"publish","type":"product","link":"https:\/\/www.mouches-volantes.com\/wordpress\/?product=buch-neun-lichter-der-kraftort-der-seher","title":{"rendered":"Buch:<p> Neun Lichter &#8211; Der Kraftort der Seher"},"content":{"rendered":"<p>( <em>Taschenbuch, 343 S.<\/em>)<\/p>\n<p>Die vierteilige Buchserie <i>Neun Lichter<\/i> ist die Fortsetzung von <i>Mouches Volantes \u2013 Die Leuchtstruktur des Bewusstseins<\/i>. In diesem mystischen Roman kehrt Floco auf die linke Seite der Emme zur\u00fcck, um erneut bei Nestor und den Sehern zu lernen. Deren Lehre kreist um die Entwicklung einer inneren Lichterscheinung, der Leuchtstruktur. Um zum Seher zu werden, muss Floco das Zentrum dieser Struktur finden: die Neun Lichter.<\/p>\n<p>Die Erz\u00e4hlung gibt einen Einblick in das Sehen, die Weltanschauung und die Praktiken von Menschen, die ihr Bewusstsein \u00fcber die Alltagswahrnehmung hinaus intensivieren, um das leuchtende Mysterium unserer Existenz zu ergr\u00fcnden.<\/p>\n<p><i>Der Kraftort der Seher<\/i> ist der zweite Teil der Serie <i>Neun Lichter<\/i>.<\/p>\n<p>&nbsp;<\/p>\n","protected":false},"excerpt":{"rendered":"<p class=\"western\">Ein mystischer Roman \u00fcber das Sehen der Leuchtstruktur des Bewusstseins.<\/p>\n<p><a href=\"https:\/\/www.mouches-volantes.com\/kontakt\/neun-lichter-2_trailer.mp4\">Trailer: Video (mp4-Datei)<\/a><\/p>\n<p><a href=\"https:\/\/www.mouches-volantes.com\/buch-3\/neun-lichter-2_leseprobe.mp4\">Leseprobe: Audio (mp4-Datei)<\/a><\/p>\n<p class=\"western\"><a href=\"https:\/\/www.mouches-volantes.com\/wordpress\/wp-content\/uploads\/2025\/10\/Neun_Lichter_II_Leseprobe.pdf\">Leseprobe: Text (pdf-Datei)<\/a><\/p>\n<p>&nbsp;<\/p>\n","protected":false},"featured_media":1723,"template":"","meta":[],"product_brand":[],"product_cat":[281,42],"product_tag":[80,38,140,83,78,81,82],"class_list":{"0":"post-1719","1":"product","2":"type-product","3":"status-publish","4":"has-post-thumbnail","6":"product_cat-buch-romane","7":"product_cat-taschenbuch","8":"product_tag-bewusstsein","9":"product_tag-buch","10":"product_tag-ekstase","11":"product_tag-entoptische-phaenomene","12":"product_tag-meditation","13":"product_tag-mystik","14":"product_tag-spiritualitaet","16":"first","17":"instock","18":"shipping-taxable","19":"purchasable","20":"product-type-simple"},"_links":{"self":[{"href":"https:\/\/www.mouches-volantes.com\/wordpress\/index.php?rest_route=\/wp\/v2\/product\/1719","targetHints":{"allow":["GET"]}}],"collection":[{"href":"https:\/\/www.mouches-volantes.com\/wordpress\/index.php?rest_route=\/wp\/v2\/product"}],"about":[{"href":"https:\/\/www.mouches-volantes.com\/wordpress\/index.php?rest_route=\/wp\/v2\/types\/product"}],"wp:featuredmedia":[{"embeddable":true,"href":"https:\/\/www.mouches-volantes.com\/wordpress\/index.php?rest_route=\/wp\/v2\/media\/1723"}],"wp:attachment":[{"href":"https:\/\/www.mouches-volantes.com\/wordpress\/index.php?rest_route=%2Fwp%2Fv2%2Fmedia&parent=1719"}],"wp:term":[{"taxonomy":"product_brand","embeddable":true,"href":"https:\/\/www.mouches-volantes.com\/wordpress\/index.php?rest_route=%2Fwp%2Fv2%2Fproduct_brand&post=1719"},{"taxonomy":"product_cat","embeddable":true,"href":"https:\/\/www.mouches-volantes.com\/wordpress\/index.php?rest_route=%2Fwp%2Fv2%2Fproduct_cat&post=1719"},{"taxonomy":"product_tag","embeddable":true,"href":"https:\/\/www.mouches-volantes.com\/wordpress\/index.php?rest_route=%2Fwp%2Fv2%2Fproduct_tag&post=1719"}],"curies":[{"name":"wp","href":"https:\/\/api.w.org\/{rel}","templated":true}]}}