{"id":344,"date":"2022-12-27T15:39:28","date_gmt":"2022-12-27T15:39:28","guid":{"rendered":"https:\/\/www.mouches-volantes.com\/wordpress\/?post_type=product&#038;p=344"},"modified":"2026-04-14T08:28:20","modified_gmt":"2026-04-14T08:28:20","slug":"buch-mouches-volantes-die-leuchtstruktur-des-bewusstseins","status":"publish","type":"product","link":"https:\/\/www.mouches-volantes.com\/wordpress\/?product=buch-mouches-volantes-die-leuchtstruktur-des-bewusstseins","title":{"rendered":"Buch:<p> Mouches Volantes &#8211; Die Leuchtstruktur des Bewusstseins"},"content":{"rendered":"<p>( <em>Taschenbuch, 475 S.<\/em>)<\/p>\n<p>Was sind diese P\u00fcnktchen und F\u00e4dchen, die in unserem Blickfeld schwimmen und bei hellen Lichtverh\u00e4ltnissen sichtbar werden? In der Augenheilkunde sprechen die \u00c4rzte von Partikel in den Augen, &#8222;Mouches volantes&#8220; oder &#8222;Glask\u00f6rpertr\u00fcbungen&#8220; genannt; Patienten werden mit dem Hinweis auf die Harmlosigkeit des nicht effektiv behandelbaren Ph\u00e4nomens vertr\u00f6stet. Der Autor Floco Tausin stellt in diesem Buch die radikal entgegengesetzte Erkenntnis des im schweizerischen Emmental lebenden Sehers Nestor vor: Die &#8222;fliegenden M\u00fccken&#8220; sind erste Teile einer durch unser Bewusstsein gebildeten Leuchtstruktur; das mystische Eingehen in diese erlaubt uns Menschen, \u00fcber den Tod hinaus bewusst zu bleiben.<\/p>\n<p>Der Leser findet in diesem Buch nicht nur einen Erfahrungsbericht in Form einer mystischen Geschichte; er wird auch mit der Weltanschauung, der Lebenspraxis und den Ekstasetechniken des Sehers Nestor vertraut, die es bedarf, um zur Erkenntnis eines Ph\u00e4nomens zu gelangen, das direkt vor unseren Augen &#8222;fliegt&#8220;, dessen Bedeutung aber weit \u00fcber unsere vertraute Welt hinausreicht.<\/p>\n","protected":false},"excerpt":{"rendered":"<p class=\"western\">Eine mystische Geschichte \u00fcber die nahe(f)liegendste Sache der Welt<\/p>\n<p><a href=\"https:\/\/www.mouches-volantes.com\/kontakt\/mouches-volantes_trailer.mp4\">Trailer: Video (mp4-Datei)<\/a><\/p>\n<p><a href=\"https:\/\/www.mouches-volantes.com\/buch\/mouches-volantes_leseprobe.mp4\">Leseprobe: Audio (mp4-Datei)<\/a><\/p>\n<p class=\"western\"><a href=\"https:\/\/www.mouches-volantes.com\/wordpress\/wp-content\/uploads\/2022\/12\/floco-tausin_mouches-volantes_leseprobe.pdf\">Leseprobe: Text (pdf-Datei)<\/a><\/p>\n<p>&nbsp;<\/p>\n","protected":false},"featured_media":345,"template":"","meta":[],"product_brand":[],"product_cat":[281,42],"product_tag":[80,38,140,83,78,79,81,82],"class_list":{"0":"post-344","1":"product","2":"type-product","3":"status-publish","4":"has-post-thumbnail","6":"product_cat-buch-romane","7":"product_cat-taschenbuch","8":"product_tag-bewusstsein","9":"product_tag-buch","10":"product_tag-ekstase","11":"product_tag-entoptische-phaenomene","12":"product_tag-meditation","13":"product_tag-mouches-volantes","14":"product_tag-mystik","15":"product_tag-spiritualitaet","17":"first","18":"instock","19":"shipping-taxable","20":"purchasable","21":"product-type-simple"},"_links":{"self":[{"href":"https:\/\/www.mouches-volantes.com\/wordpress\/index.php?rest_route=\/wp\/v2\/product\/344","targetHints":{"allow":["GET"]}}],"collection":[{"href":"https:\/\/www.mouches-volantes.com\/wordpress\/index.php?rest_route=\/wp\/v2\/product"}],"about":[{"href":"https:\/\/www.mouches-volantes.com\/wordpress\/index.php?rest_route=\/wp\/v2\/types\/product"}],"wp:featuredmedia":[{"embeddable":true,"href":"https:\/\/www.mouches-volantes.com\/wordpress\/index.php?rest_route=\/wp\/v2\/media\/345"}],"wp:attachment":[{"href":"https:\/\/www.mouches-volantes.com\/wordpress\/index.php?rest_route=%2Fwp%2Fv2%2Fmedia&parent=344"}],"wp:term":[{"taxonomy":"product_brand","embeddable":true,"href":"https:\/\/www.mouches-volantes.com\/wordpress\/index.php?rest_route=%2Fwp%2Fv2%2Fproduct_brand&post=344"},{"taxonomy":"product_cat","embeddable":true,"href":"https:\/\/www.mouches-volantes.com\/wordpress\/index.php?rest_route=%2Fwp%2Fv2%2Fproduct_cat&post=344"},{"taxonomy":"product_tag","embeddable":true,"href":"https:\/\/www.mouches-volantes.com\/wordpress\/index.php?rest_route=%2Fwp%2Fv2%2Fproduct_tag&post=344"}],"curies":[{"name":"wp","href":"https:\/\/api.w.org\/{rel}","templated":true}]}}