{"id":873,"date":"2023-01-04T14:48:03","date_gmt":"2023-01-04T14:48:03","guid":{"rendered":"https:\/\/www.mouches-volantes.com\/wordpress\/?post_type=product&#038;p=873"},"modified":"2023-01-07T14:20:34","modified_gmt":"2023-01-07T14:20:34","slug":"artikel-paranormale-visuelle-phaenomene","status":"publish","type":"product","link":"https:\/\/www.mouches-volantes.com\/wordpress\/?product=artikel-paranormale-visuelle-phaenomene","title":{"rendered":"Artikel:<p> Paranormale visuelle Ph\u00e4nomene (Teil 2)"},"content":{"rendered":"<p>(<em>pdf Datei, 3 Abb.<\/em>)<\/p>\n<p>3) Mouches volantes<br \/>\nDer Begriff \u201eMouches volantes\u201c (franz\u00f6sisch f\u00fcr \u201efliegende Fliegen\/ M\u00fccken\u201c) stammt aus der Augen-heilkunde und bezeichnet dort die subjektive Wahrnehmung von verschiedensten Punkten, F\u00e4den, Flecken, Tr\u00fcbungen im Gesichts-feld. In den allermeisten F\u00e4llen gelten diese Tr\u00fcbungen als harmlos und sind nicht therapiebed\u00fcrftig. Trotzdem empfehlen Augen\u00e4rzte generell, dass man bei Erscheinen von Mouches volantes abkl\u00e4ren l\u00e4sst, welcher Art die Tr\u00fcbungen sind. Die so genannten harmlosen Mouches volantes, mit denen wir uns hier besch\u00e4ftigen, k\u00f6nnen als kleine P\u00fcnktchen und F\u00e4dchen wahrgenommen werden, welche v.a. bei hellen Lichtverh\u00e4ltnissen (Blick gegen den Himmel oder eine weisse beleuchtete Wand) in unserem Gesichtsfeld auftreten k\u00f6nnen. Sie bewegen sich entsprechend unserem Blick mit, sind aber auch davon losgel\u00f6st, d.h. beim Stillhalten des Blicks fliessen sie nach unten.<\/p>\n<p>Die wissenschaftliche Betrachtungsweise von Mouches volantes:<br \/>\nIn der Augenheilkunde gelten Mouches volantes generell als entoptische Erscheinung, d.h. als Erscheinung, die der Betrachter ausserhalb von sich zu sehen glaubt, deren Ursache aber in Wirklichkeit innerhalb seines Auges liegt\u2026<\/p>\n","protected":false},"excerpt":{"rendered":"<p>Orbs, Aura, Mouches volantes und \u201eSternchen\u201c<\/p>\n","protected":false},"featured_media":874,"template":"","meta":[],"product_brand":[],"product_cat":[44],"product_tag":[109,266,79,264,45,107],"class_list":{"0":"post-873","1":"product","2":"type-product","3":"status-publish","4":"has-post-thumbnail","6":"product_cat-artikel","7":"product_tag-aura","8":"product_tag-fliegende-muecken","9":"product_tag-mouches-volantes","10":"product_tag-orbs","11":"product_tag-pdf-datei","12":"product_tag-sternchen","14":"first","15":"instock","16":"downloadable","17":"virtual","18":"purchasable","19":"product-type-simple"},"_links":{"self":[{"href":"https:\/\/www.mouches-volantes.com\/wordpress\/index.php?rest_route=\/wp\/v2\/product\/873","targetHints":{"allow":["GET"]}}],"collection":[{"href":"https:\/\/www.mouches-volantes.com\/wordpress\/index.php?rest_route=\/wp\/v2\/product"}],"about":[{"href":"https:\/\/www.mouches-volantes.com\/wordpress\/index.php?rest_route=\/wp\/v2\/types\/product"}],"wp:featuredmedia":[{"embeddable":true,"href":"https:\/\/www.mouches-volantes.com\/wordpress\/index.php?rest_route=\/wp\/v2\/media\/874"}],"wp:attachment":[{"href":"https:\/\/www.mouches-volantes.com\/wordpress\/index.php?rest_route=%2Fwp%2Fv2%2Fmedia&parent=873"}],"wp:term":[{"taxonomy":"product_brand","embeddable":true,"href":"https:\/\/www.mouches-volantes.com\/wordpress\/index.php?rest_route=%2Fwp%2Fv2%2Fproduct_brand&post=873"},{"taxonomy":"product_cat","embeddable":true,"href":"https:\/\/www.mouches-volantes.com\/wordpress\/index.php?rest_route=%2Fwp%2Fv2%2Fproduct_cat&post=873"},{"taxonomy":"product_tag","embeddable":true,"href":"https:\/\/www.mouches-volantes.com\/wordpress\/index.php?rest_route=%2Fwp%2Fv2%2Fproduct_tag&post=873"}],"curies":[{"name":"wp","href":"https:\/\/api.w.org\/{rel}","templated":true}]}}