{"id":890,"date":"2023-01-04T19:05:13","date_gmt":"2023-01-04T19:05:13","guid":{"rendered":"https:\/\/www.mouches-volantes.com\/wordpress\/?post_type=product&#038;p=890"},"modified":"2023-01-07T14:16:37","modified_gmt":"2023-01-07T14:16:37","slug":"artikel-zwischen-innenwelt-und-aussenwelt","status":"publish","type":"product","link":"https:\/\/www.mouches-volantes.com\/wordpress\/?product=artikel-zwischen-innenwelt-und-aussenwelt","title":{"rendered":"Artikel:<p> Zwischen Innenwelt und Aussenwelt"},"content":{"rendered":"<p>(<em>pdf Datei 5 Abb.<\/em>)<\/p>\n<p>Entoptische Ph\u00e4nomene sind abstrakte subjektive visuelle Erscheinungen, deren Ursache innerhalb unseres Sehsystems (vom Auge \u00fcber den Sehnerv bis zum visuellen Sehzentrum im Hirn) liegen, die aber vom Betrachter ausserhalb von sich wahrgenommen werden. Dazu geh\u00f6ren beispielsweise die Nachbilder, die Mouches volantes (fliegende M\u00fccken), die \u201eSternchen\u201c und die geometrischen Strukturen, die im Folgenden vorgestellt werden sollen. Manche dieser Erscheinungen kennen wir aus unserem Alltag, andere sind uns fremd. Solche Ph\u00e4nomene sind spannungsreiche Forschungs- und Meditationsobjekte, denn sie bilden den Schnittpunkt grundverschiedener Aspekte unseres Lebens. Zum einen verbinden sie unsere Innenwelt und Aussenwelt; zum anderen macht uns ihre Wahrnehmung sensibel f\u00fcr unsere linke und rechte Bewusstseinsseite, da sie mit unserem linken und rechten Auge korrespondieren; und schliesslich treffen sich hier auch wissenschaftliche sowie grenzwissenschaftliche und esoterische Interpretationen \u00fcber ihre Natur und Bedeutung.<br \/>\nDie Wissenschaft versucht solche Ph\u00e4nomene gem\u00e4ss dem gegenw\u00e4rtigen Paradigma der Objektivit\u00e4t, Rationalit\u00e4t und Materialismus soweit wie m\u00f6glich auf physikalisch-optische und physiologische Vorg\u00e4nge zu reduzieren. Sobald allerdings den Aussagen der Wahrnehmenden ein gewisses Gewicht einger\u00e4umt wird, muss auch auf psychologische Erkl\u00e4rungsans\u00e4tze zur\u00fcckgegriffen werden \u2013 v.a. dann, wenn sich die naturwissenschaftliche Erkl\u00e4rung nicht mit der subjektiven Wahrnehmung deckt. Anderseits ist der Bereich des Subjektiven seit jeher das Arbeitsfeld der Religion. Kein Wunder also, haben aussergew\u00f6hnliche subjektive Wahrnehmungen in vielen Gesellschaften eine religi\u00f6s-spirituelle Deutung und Bewertung erfahren. Dies gilt nicht nur f\u00fcr Halluzinationen und Visionen, die oft als Offenbarungen eines Geistes oder Gottes gedeutet wurden, sondern eben auch f\u00fcr abstraktere entoptische Erscheinungen.<\/p>\n<p>Nachbilder<br \/>\nDie Nachbilder sind von den hier vorgestellten Ph\u00e4nomenen diejenige Erscheinung, die am meisten wahrgenommen und erforscht ist. Der Begriff bezieht sich auf das Nachwirken einer visuellen Empfindung, wenn der tats\u00e4chliche Reiz eines betrachteten Gegenstandes nicht mehr da ist&#8230;<\/p>\n","protected":false},"excerpt":{"rendered":"<p>Entoptische Ph\u00e4nomene und ihre Bedeutung f\u00fcr Bewusstseinsentwicklung und Spiritualit\u00e4t<\/p>\n","protected":false},"featured_media":891,"template":"","meta":[],"product_brand":[],"product_cat":[44],"product_tag":[109,201,79,108,45,107,135],"class_list":{"0":"post-890","1":"product","2":"type-product","3":"status-publish","4":"has-post-thumbnail","6":"product_cat-artikel","7":"product_tag-aura","8":"product_tag-entoptischen-erscheinungen","9":"product_tag-mouches-volantes","10":"product_tag-nachbilder","11":"product_tag-pdf-datei","12":"product_tag-sternchen","13":"product_tag-visuell","15":"first","16":"instock","17":"downloadable","18":"virtual","19":"purchasable","20":"product-type-simple"},"_links":{"self":[{"href":"https:\/\/www.mouches-volantes.com\/wordpress\/index.php?rest_route=\/wp\/v2\/product\/890","targetHints":{"allow":["GET"]}}],"collection":[{"href":"https:\/\/www.mouches-volantes.com\/wordpress\/index.php?rest_route=\/wp\/v2\/product"}],"about":[{"href":"https:\/\/www.mouches-volantes.com\/wordpress\/index.php?rest_route=\/wp\/v2\/types\/product"}],"wp:featuredmedia":[{"embeddable":true,"href":"https:\/\/www.mouches-volantes.com\/wordpress\/index.php?rest_route=\/wp\/v2\/media\/891"}],"wp:attachment":[{"href":"https:\/\/www.mouches-volantes.com\/wordpress\/index.php?rest_route=%2Fwp%2Fv2%2Fmedia&parent=890"}],"wp:term":[{"taxonomy":"product_brand","embeddable":true,"href":"https:\/\/www.mouches-volantes.com\/wordpress\/index.php?rest_route=%2Fwp%2Fv2%2Fproduct_brand&post=890"},{"taxonomy":"product_cat","embeddable":true,"href":"https:\/\/www.mouches-volantes.com\/wordpress\/index.php?rest_route=%2Fwp%2Fv2%2Fproduct_cat&post=890"},{"taxonomy":"product_tag","embeddable":true,"href":"https:\/\/www.mouches-volantes.com\/wordpress\/index.php?rest_route=%2Fwp%2Fv2%2Fproduct_tag&post=890"}],"curies":[{"name":"wp","href":"https:\/\/api.w.org\/{rel}","templated":true}]}}