{"id":893,"date":"2023-01-04T19:11:04","date_gmt":"2023-01-04T19:11:04","guid":{"rendered":"https:\/\/www.mouches-volantes.com\/wordpress\/?post_type=product&#038;p=893"},"modified":"2023-01-07T14:14:09","modified_gmt":"2023-01-07T14:14:09","slug":"artikel-wenn-das-ufo-dem-blick-folgt","status":"publish","type":"product","link":"https:\/\/www.mouches-volantes.com\/wordpress\/?product=artikel-wenn-das-ufo-dem-blick-folgt","title":{"rendered":"Artikel:<p> Wenn das UFO dem Blick folgt"},"content":{"rendered":"<p>(<em>pdf Datei, 0 Abb.<\/em>)<\/p>\n<p>Entoptische Ph\u00e4nomene sind abstrakte subjektive visuelle Erscheinungen, deren Ursache innerhalb unseres Sehsystems (vom Auge \u00fcber den Sehnerv bis zum visuellen Sehzentrum im Hirn) liegen, die aber vom Betrachter ausserhalb von sich wahrgenommen werden. In der letzten Ausgabe (Nr. 166, 4\/06) habe ich vier solche Ph\u00e4nomene vorgestellt und ihre religi\u00f6se oder spirituelle Bedeutung, die sie f\u00fcr gewisse Menschen und Gruppen von Menschen haben k\u00f6nnen, erl\u00e4utert.<\/p>\n<p>In diesem Artikel frage ich nun nach dem Verh\u00e4ltnis von entoptischen Ph\u00e4nomenen zu nicht identifizierten Flugobjekten (UFO). UFO-Sichtungen mit physiologisch erkl\u00e4rbaren Erscheinungen in Verbindung zu bringen, ist ein skeptizistischer Ansatz. Und tats\u00e4chlich eignet sich die Erkl\u00e4rung \u201eSehst\u00f6rung\u201c oder \u201eTeilchen im Auge\u201c sehr gut, um die Aussagen von Zeugen sowie die ernsthafte UFO-Forschung ins L\u00e4cherliche zu ziehen \u2013 was von verschiedenen Skeptikern denn auch getan wurde. Entsprechend geben sich viele von mir angefragte Ufologen sehr reserviert gegen\u00fcber der M\u00f6glichkeit, dass ein Teil der Sichtungen nicht identifizierter Flugobjekte tats\u00e4chlich auf entoptische Erscheinungen zur\u00fcckgehen k\u00f6nnten. Wie relevant ist aber diese Erkl\u00e4rung f\u00fcr die UFO-Forschung wirklich?<\/p>\n<p>Wenn wir uns mit entoptischen Ph\u00e4nomenen in der Ufologie besch\u00e4ftigen, wird schnell klar, dass wir es mit einem Randph\u00e4nomen zu tun haben. Literatur dar\u00fcber gibt es praktisch nicht, angefragte UFO-Forscher kennen keine relevanten Studien oder Statistiken. Allenfalls findet man hier und dort Hinweise auf solche Ph\u00e4nomene, die dann meistens in die grobe Kategorie \u201eSehst\u00f6rungen\u201c eingeordnet werden. Dies liegt in der Natur der entoptischen Erscheinungen, denn als Erkl\u00e4rungsansatz kommen sie nur f\u00fcr die \u201eleichten\u201c UFO-Sichtungen in Frage. Der Astronom Dr. Jacques Vall\u00e9e klassifiziert die Sichtungen unbekannter Flugobjekte in vier Gruppen (Anomalie, UFO-Vorbeiflug, UFO-Flugman\u00f6ver und UFO-Nahbegegnung), die sich durch verschiedene Grade der Intensit\u00e4t, ausgedr\u00fcckt in f\u00fcnf Kategorien, auszeichnen. Entoptische Erscheinungen w\u00fcrden demnach stets der ersten Kategorie zuzurechnen sein&#8230;<\/p>\n","protected":false},"excerpt":{"rendered":"<p>K\u00f6nnen UFOs entoptische Ph\u00e4nomene sein?<\/p>\n","protected":false},"featured_media":894,"template":"","meta":[],"product_brand":[],"product_cat":[44],"product_tag":[201,45,101,118,263,135],"class_list":{"0":"post-893","1":"product","2":"type-product","3":"status-publish","4":"has-post-thumbnail","6":"product_cat-artikel","7":"product_tag-entoptischen-erscheinungen","8":"product_tag-pdf-datei","9":"product_tag-phaenomen","10":"product_tag-sehen","11":"product_tag-ufo","12":"product_tag-visuell","14":"first","15":"instock","16":"downloadable","17":"virtual","18":"purchasable","19":"product-type-simple"},"_links":{"self":[{"href":"https:\/\/www.mouches-volantes.com\/wordpress\/index.php?rest_route=\/wp\/v2\/product\/893","targetHints":{"allow":["GET"]}}],"collection":[{"href":"https:\/\/www.mouches-volantes.com\/wordpress\/index.php?rest_route=\/wp\/v2\/product"}],"about":[{"href":"https:\/\/www.mouches-volantes.com\/wordpress\/index.php?rest_route=\/wp\/v2\/types\/product"}],"wp:featuredmedia":[{"embeddable":true,"href":"https:\/\/www.mouches-volantes.com\/wordpress\/index.php?rest_route=\/wp\/v2\/media\/894"}],"wp:attachment":[{"href":"https:\/\/www.mouches-volantes.com\/wordpress\/index.php?rest_route=%2Fwp%2Fv2%2Fmedia&parent=893"}],"wp:term":[{"taxonomy":"product_brand","embeddable":true,"href":"https:\/\/www.mouches-volantes.com\/wordpress\/index.php?rest_route=%2Fwp%2Fv2%2Fproduct_brand&post=893"},{"taxonomy":"product_cat","embeddable":true,"href":"https:\/\/www.mouches-volantes.com\/wordpress\/index.php?rest_route=%2Fwp%2Fv2%2Fproduct_cat&post=893"},{"taxonomy":"product_tag","embeddable":true,"href":"https:\/\/www.mouches-volantes.com\/wordpress\/index.php?rest_route=%2Fwp%2Fv2%2Fproduct_tag&post=893"}],"curies":[{"name":"wp","href":"https:\/\/api.w.org\/{rel}","templated":true}]}}