{"id":902,"date":"2023-01-04T20:07:03","date_gmt":"2023-01-04T20:07:03","guid":{"rendered":"https:\/\/www.mouches-volantes.com\/wordpress\/?post_type=product&#038;p=902"},"modified":"2023-01-07T14:06:23","modified_gmt":"2023-01-07T14:06:23","slug":"artikel-wenn-sich-die-haare-straeuben","status":"publish","type":"product","link":"https:\/\/www.mouches-volantes.com\/wordpress\/?product=artikel-wenn-sich-die-haare-straeuben","title":{"rendered":"Artikel:<p> Wenn sich die Haare str\u00e4uben"},"content":{"rendered":"<p>(<em>pdf Datei, 5 Abb.<\/em>)<\/p>\n<p>Wir alle kennen dieses Prickelns auf der Haut, bei dem sich die K\u00f6rperh\u00e4rchen aufstellen. Oft geht dieses Gef\u00fchl einher oder wird gleichgesetzt mit Fr\u00f6steln, Schauer und bestimmten emotionalen Zust\u00e4nden. Weil die Haut dabei so h\u00fcgelig wie bei einer gerupften Gans aussieht, sprechen wir von \u201eG\u00e4nsehaut\u201c (Schweiz\/\u00d6sterreich: H\u00fchnerhaut).<br \/>\nWeniger bekannt ist dagegen, dass dieses Prickeln auf der Haut eine spirituelle Bedeutung hat, und zwar bei intensiven Erlebnissen, die Menschen in der Kommunikation mit einer g\u00f6ttlichen oder heiligen Macht oder Kraft erfahren. Das Prickeln ist somit ein Ph\u00e4nomen, das unsere Alltagswelt mit unseren spirituellen Bem\u00fchungen verbindet.<\/p>\n<p>Wie entsteht eine G\u00e4nsehaut?<br \/>\nIn der modernen westlichen Medizin gilt G\u00e4nsehaut (lat. cutis anserina) als Resultat eines neurophysiologischen Prozesses: Unser K\u00f6rper erf\u00e4hrt einen Sinnes- oder Gedankenreiz, der an das vegetative Nervensystem im R\u00fcckenmark weitergeleitet wird. Dort wird dieser Impuls verarbeitet und als Befehl \u00fcber winzige Nervenleitungen an die Haarmuskel gesendet, welche das Haar mit der Oberhaut verbinden. Diese Muskeln ziehen sich nun zusammen, wodurch das Haar senkrecht gestellt wird. So kommt es unmittelbar um das Haar herum zu kleinen Erhebungen, w\u00e4hrend im angrenzenden Bereich der Hautoberfl\u00e4che eine Vertiefung erzeugt wird.<\/p>\n<p>\u201eG\u00e4nsehaut\u201c gilt in der Medizin als ein nicht willk\u00fcrlich ausl\u00f6sbares Ph\u00e4nomen (obwohl F\u00e4lle einer willk\u00fcrlichen Ausl\u00f6sung bekannt sind), sondern als unwillk\u00fcrliche Reaktion, d.h. als Reflex. Dieser wird durch das vegetative Nervensystem gesteuert, kann aber durch verschiedene Reize (K\u00e4lte, Elektrizit\u00e4t, W\u00e4rme) ausgel\u00f6st werden. Auch geht er oft mit anderen physiologischen Vorg\u00e4ngen und emotionalen \u00c4usserungen einher, z.B. Herzklopfen, R\u00f6tung der Haut, hektisches Kichern, gl\u00fcckliches L\u00e4cheln, \u00e4ngstliches Aufschreien etc&#8230;<\/p>\n","protected":false},"excerpt":{"rendered":"<p>Das Prickeln auf der Haut als universelles spirituelles Ph\u00e4nomen<\/p>\n","protected":false},"featured_media":903,"template":"","meta":[],"product_brand":[],"product_cat":[44],"product_tag":[181,262,132,45,101,261,200],"class_list":{"0":"post-902","1":"product","2":"type-product","3":"status-publish","4":"has-post-thumbnail","6":"product_cat-artikel","7":"product_tag-ekstatisch","8":"product_tag-gaensehaut","9":"product_tag-nervensystem","10":"product_tag-pdf-datei","11":"product_tag-phaenomen","12":"product_tag-prickeln","13":"product_tag-spirituell","15":"first","16":"instock","17":"downloadable","18":"virtual","19":"purchasable","20":"product-type-simple"},"_links":{"self":[{"href":"https:\/\/www.mouches-volantes.com\/wordpress\/index.php?rest_route=\/wp\/v2\/product\/902","targetHints":{"allow":["GET"]}}],"collection":[{"href":"https:\/\/www.mouches-volantes.com\/wordpress\/index.php?rest_route=\/wp\/v2\/product"}],"about":[{"href":"https:\/\/www.mouches-volantes.com\/wordpress\/index.php?rest_route=\/wp\/v2\/types\/product"}],"wp:featuredmedia":[{"embeddable":true,"href":"https:\/\/www.mouches-volantes.com\/wordpress\/index.php?rest_route=\/wp\/v2\/media\/903"}],"wp:attachment":[{"href":"https:\/\/www.mouches-volantes.com\/wordpress\/index.php?rest_route=%2Fwp%2Fv2%2Fmedia&parent=902"}],"wp:term":[{"taxonomy":"product_brand","embeddable":true,"href":"https:\/\/www.mouches-volantes.com\/wordpress\/index.php?rest_route=%2Fwp%2Fv2%2Fproduct_brand&post=902"},{"taxonomy":"product_cat","embeddable":true,"href":"https:\/\/www.mouches-volantes.com\/wordpress\/index.php?rest_route=%2Fwp%2Fv2%2Fproduct_cat&post=902"},{"taxonomy":"product_tag","embeddable":true,"href":"https:\/\/www.mouches-volantes.com\/wordpress\/index.php?rest_route=%2Fwp%2Fv2%2Fproduct_tag&post=902"}],"curies":[{"name":"wp","href":"https:\/\/api.w.org\/{rel}","templated":true}]}}