{"id":911,"date":"2023-01-05T20:40:40","date_gmt":"2023-01-05T20:40:40","guid":{"rendered":"https:\/\/www.mouches-volantes.com\/wordpress\/?post_type=product&#038;p=911"},"modified":"2023-01-05T20:46:04","modified_gmt":"2023-01-05T20:46:04","slug":"artikel-mouches-volantes-und-trance","status":"publish","type":"product","link":"https:\/\/www.mouches-volantes.com\/wordpress\/?product=artikel-mouches-volantes-und-trance","title":{"rendered":"Artikel:<p>  Mouches volantes und Trance"},"content":{"rendered":"<div class=\"row-fluid\">\n<div class=\"offset1 span10 content\">\n<p>(<em>pdf Datei, 10 Abb.<\/em>)<\/p>\n<p>Mitte der 1990er Jahre traf ich im Schweizer Emmental einen zur\u00fcckgezogen lebenden Mann namens Nestor, der einen einzigartigen und provozierenden Anspruch hat: Dass er sich seit Jahren auf immer wieder dieselbe Konstellation von riesigen leuchtenden Kugeln und F\u00e4den konzentriert, die sich in seinem Blickfeld gebildet haben. Diese Kugeln und F\u00e4den w\u00fcrden am Beginn einer durch unser Bewusstsein gebildeten feinstofflichen Struktur stehen, die wiederum unsere materielle Welt hervorbringen w\u00fcrde. Nestor, der sich als Seher versteht, f\u00fchrt seine subjektive visuelle Wahrnehmung auf seine jahrelangen Bem\u00fchungen um Bewusstseinsentwicklung zur\u00fcck, welche eine entsprechende Lebensweise sowie Praktiken f\u00fcr tempor\u00e4re Intensit\u00e4tssteigerung und Bewusstseinserweiterung beinhalten. Durch diese Praktiken h\u00e4tten sich jene Kugeln und F\u00e4den, die zun\u00e4chst klein, weit weg und sehr beweglich gewesen seien, nun vergr\u00f6ssert, seien n\u00e4her gekommen, h\u00e4tten zu leuchten angefangen und er k\u00f6nne sie nun mit seinem Blick festhalten. Nestor selbst hat sein Sehen als erweiterte Wahrnehmung desjenigen Ph\u00e4nomens erkl\u00e4rt, das in der Augenheilkunde mit dem Sammelbegriff \u201eMouches volantes\u201c (frz. f\u00fcr \u201efliegende M\u00fccken\u201c) umschrieben wird.<\/p>\n<p>Mouches volantes sind eine entoptische, d.h. vom menschlichen Sehsystem selbst verursachte Erscheinung. Gemeint sind damit alle Arten von Tr\u00fcbungen im Glask\u00f6rper des Auges, welche die Sicht des Patienten beeintr\u00e4chtigen. Mouches volantes, die als vereinzelte bewegliche Punkte und F\u00e4den auftreten, gelten als harmlos. Ihre wissenschaftliche Erkl\u00e4rung ist nicht eindeutig, doch heute f\u00fchrt man sie meist auf Verklumpungen des Glask\u00f6rperger\u00fcstes zur\u00fcck. Viele Menschen k\u00f6nnen dieses Ph\u00e4nomen beobachten, die meisten k\u00fcmmern sich nicht darum, einige wenige f\u00fchlen sich dadurch in ihrer Sicht massiv beeintr\u00e4chtigt und erw\u00e4gen operative Massnahmen, die allerdings bisher uneffektiv und risikoreich sind. Die \u00c4rzte ihrerseits k\u00f6nnen im Auge des Patienten meistens nichts feststellen, empfehlen aber bei Erscheinen von Mouches volantes eine vorsorgliche Abkl\u00e4rung.<\/p>\n<p>Wenn Nestor mit seiner Behauptung Recht hat, w\u00fcrde dies eine v\u00f6llig falsche Einsch\u00e4tzung der Mouches volantes durch die heutige Medizin bedeuten. Allerdings stehen diese Aussagen von vornherein auf verlorenem Posten, denn einerseits beansprucht eine m\u00e4chtige Augenheilkunde das Erkl\u00e4rungsmonopol der Mouches volantes f\u00fcr sich, anderseits handelt es sich bei den Wahrnehmungen von Nestor um eine subjektive visuelle Erscheinung&#8230;<\/p>\n<\/div>\n<\/div>\n","protected":false},"excerpt":{"rendered":"<p>Ein universelles Ph\u00e4nomen bei erweiterten Bewusstseinszust\u00e4nden<\/p>\n","protected":false},"featured_media":912,"template":"","meta":[],"product_brand":[],"product_cat":[44],"product_tag":[97,99,100,79,45,101,98],"class_list":{"0":"post-911","1":"product","2":"type-product","3":"status-publish","4":"has-post-thumbnail","6":"product_cat-artikel","7":"product_tag-augenheilkunde","8":"product_tag-faeden","9":"product_tag-kugeln","10":"product_tag-mouches-volantes","11":"product_tag-pdf-datei","12":"product_tag-phaenomen","13":"product_tag-trance","15":"first","16":"instock","17":"downloadable","18":"virtual","19":"purchasable","20":"product-type-simple"},"_links":{"self":[{"href":"https:\/\/www.mouches-volantes.com\/wordpress\/index.php?rest_route=\/wp\/v2\/product\/911","targetHints":{"allow":["GET"]}}],"collection":[{"href":"https:\/\/www.mouches-volantes.com\/wordpress\/index.php?rest_route=\/wp\/v2\/product"}],"about":[{"href":"https:\/\/www.mouches-volantes.com\/wordpress\/index.php?rest_route=\/wp\/v2\/types\/product"}],"wp:featuredmedia":[{"embeddable":true,"href":"https:\/\/www.mouches-volantes.com\/wordpress\/index.php?rest_route=\/wp\/v2\/media\/912"}],"wp:attachment":[{"href":"https:\/\/www.mouches-volantes.com\/wordpress\/index.php?rest_route=%2Fwp%2Fv2%2Fmedia&parent=911"}],"wp:term":[{"taxonomy":"product_brand","embeddable":true,"href":"https:\/\/www.mouches-volantes.com\/wordpress\/index.php?rest_route=%2Fwp%2Fv2%2Fproduct_brand&post=911"},{"taxonomy":"product_cat","embeddable":true,"href":"https:\/\/www.mouches-volantes.com\/wordpress\/index.php?rest_route=%2Fwp%2Fv2%2Fproduct_cat&post=911"},{"taxonomy":"product_tag","embeddable":true,"href":"https:\/\/www.mouches-volantes.com\/wordpress\/index.php?rest_route=%2Fwp%2Fv2%2Fproduct_tag&post=911"}],"curies":[{"name":"wp","href":"https:\/\/api.w.org\/{rel}","templated":true}]}}