{"id":915,"date":"2023-01-05T20:54:43","date_gmt":"2023-01-05T20:54:43","guid":{"rendered":"https:\/\/www.mouches-volantes.com\/wordpress\/?post_type=product&#038;p=915"},"modified":"2023-01-05T20:59:25","modified_gmt":"2023-01-05T20:59:25","slug":"artikel-medizin-und-religion","status":"publish","type":"product","link":"https:\/\/www.mouches-volantes.com\/wordpress\/?product=artikel-medizin-und-religion","title":{"rendered":"Artikel:<p>  Medizin und Religion"},"content":{"rendered":"<div class=\"row-fluid\">\n<div>(<em>pdf Datei, 3 Abb.<\/em>)<\/div>\n<div><\/div>\n<div class=\"offset1 span10 content\">\n<p>In den 1990er Jahren fanden unter Schulmedizinern ernst zu nehmende und sehr leidenschaftlich gef\u00fchrte Dialoge \u00fcber die Zusammenf\u00fchrung von Religion und Medizin statt. In mehr als 100 Studien wurde festgestellt, dass Beschwerden und Krankheiten wie Diabetes, Leberkrankheiten, Herzkrankheiten, Krebs, Arthritis, chronische Schmerzen u.a. eher gelindert werden, wenn die Patientin oder der Patient spirituell aktiv ist. Mittlerweile ist anerkannt, dass religi\u00f6se Menschen allgemein mehr Lebensqualit\u00e4t geniessen, ges\u00fcnder und l\u00e4nger leben und weniger zu Depression und Selbstmord neigen \u2013 vorausgesetzt, dass es sich um eine Religion handelt, die positive menschliche Werte wie Liebe, Gerechtigkeit, F\u00fcrsorglichkeit, Freiheit etc. betont. Der Grund f\u00fcr die gesundheitliche Wirkung von Religion und Spiritualit\u00e4t ist noch nicht im Detail gekl\u00e4rt, da er in der schwierig zu erfassenden Beziehung von K\u00f6rper und Geist zu suchen ist. Allgemein gilt, dass Religionen die Gef\u00fchle der Menschen regulieren und somit auch auf das Immunsystem und die Psyche wirken.<\/p>\n<p>Dieser Artikel ist ein Beitrag zu dieser Entwicklung. Es geht darum, das Ph\u00e4nomen der Migr\u00e4ne-Aura aus spiritueller Sicht zu beleuchten und somit die Migr\u00e4ne als ein k\u00f6rperlicher und geistiger Zustand zu begreifen, der mit der gelebten Spiritualit\u00e4t korrespondiert und von dort her zug\u00e4nglich und ver\u00e4nderbar ist.<\/p>\n<p>Migr\u00e4ne-Kopfschmerz ist ein halbseitiger oft pulsierender Kopfschmerz, der h\u00e4ufig einhergeht mit einer erh\u00f6hten Empfindlichkeit gegen\u00fcber Licht und L\u00e4rm, mit \u00dcbelkeit und Schwindel, teils sogar mit Kr\u00e4mpfen, Taubheits- und L\u00e4hmungserscheinungen. Die Dauer dieses Zustandes kann von einigen Stunden bis zu einigen Tagen reichen. Die genaue Entstehung der Migr\u00e4ne ist noch unklar, es gibt verschiedene neurophysiologische Theorien, die den Schwerpunkt auf Ver\u00e4nderungen der Durchblutung des Gehirns sowie der neuronalen Erregung der Nervenzellen legen. Auch genetische Faktoren haben einen Einfluss. Bekannt ist, dass eine ganze Reihe von Faktoren Migr\u00e4ne ausl\u00f6sen k\u00f6nnen, von gewissen Genussmittel wie Schokolade, Kaffee, Rotwein und gep\u00f6kelten Speisen, \u00fcber hormonelle Ver\u00e4nderungen im K\u00f6rper und psychischen Belastungen bis hin zu klimatischen Bedingungen. Dutzende Millionen Menschen sind in den Industriestaaten Westeuropas und der USA von Migr\u00e4ne betroffen (ca. 12-14% der Frauen und 8% der M\u00e4nner), wo die Krankheit jedes Jahr mehrere Milliarden Euro wirtschaftliche Kosten verursacht. Diese Verbreitung hat Migr\u00e4ne l\u00e4ngst zu einem Bestandteil unserer Kultur gemacht. Schriftsteller wie Stephen King und Steven Sills lassen ihre Protagonisten an Migr\u00e4ne leiden, um auf Bevorstehendes hinzuweisen oder um einen Reflexionsprozess in Gang zu setzen. Bildende K\u00fcnstler wie Wassily Kandinsky, Yayoi Kusama, Lewis Carroll, Giogio de Chirico und Sarah Raphael haben sich von Migr\u00e4neerlebnissen zu Kunstwerken inspirieren lassen&#8230;<\/p>\n<\/div>\n<\/div>\n","protected":false},"excerpt":{"rendered":"<p>Die spirituelle Dimension der Migr\u00e4ne-Aura<\/p>\n","protected":false},"featured_media":916,"template":"","meta":[],"product_brand":[],"product_cat":[44],"product_tag":[105,104,102,45,103,82],"class_list":{"0":"post-915","1":"product","2":"type-product","3":"status-publish","4":"has-post-thumbnail","6":"product_cat-artikel","7":"product_tag-leuchtstruktur","8":"product_tag-medizin","9":"product_tag-migraene-aura","10":"product_tag-pdf-datei","11":"product_tag-religion","12":"product_tag-spiritualitaet","14":"first","15":"instock","16":"downloadable","17":"virtual","18":"purchasable","19":"product-type-simple"},"_links":{"self":[{"href":"https:\/\/www.mouches-volantes.com\/wordpress\/index.php?rest_route=\/wp\/v2\/product\/915","targetHints":{"allow":["GET"]}}],"collection":[{"href":"https:\/\/www.mouches-volantes.com\/wordpress\/index.php?rest_route=\/wp\/v2\/product"}],"about":[{"href":"https:\/\/www.mouches-volantes.com\/wordpress\/index.php?rest_route=\/wp\/v2\/types\/product"}],"wp:featuredmedia":[{"embeddable":true,"href":"https:\/\/www.mouches-volantes.com\/wordpress\/index.php?rest_route=\/wp\/v2\/media\/916"}],"wp:attachment":[{"href":"https:\/\/www.mouches-volantes.com\/wordpress\/index.php?rest_route=%2Fwp%2Fv2%2Fmedia&parent=915"}],"wp:term":[{"taxonomy":"product_brand","embeddable":true,"href":"https:\/\/www.mouches-volantes.com\/wordpress\/index.php?rest_route=%2Fwp%2Fv2%2Fproduct_brand&post=915"},{"taxonomy":"product_cat","embeddable":true,"href":"https:\/\/www.mouches-volantes.com\/wordpress\/index.php?rest_route=%2Fwp%2Fv2%2Fproduct_cat&post=915"},{"taxonomy":"product_tag","embeddable":true,"href":"https:\/\/www.mouches-volantes.com\/wordpress\/index.php?rest_route=%2Fwp%2Fv2%2Fproduct_tag&post=915"}],"curies":[{"name":"wp","href":"https:\/\/api.w.org\/{rel}","templated":true}]}}