{"id":933,"date":"2023-01-06T10:08:28","date_gmt":"2023-01-06T10:08:28","guid":{"rendered":"https:\/\/www.mouches-volantes.com\/wordpress\/?post_type=product&#038;p=933"},"modified":"2023-01-06T10:08:48","modified_gmt":"2023-01-06T10:08:48","slug":"artikel-reine-magie","status":"publish","type":"product","link":"https:\/\/www.mouches-volantes.com\/wordpress\/?product=artikel-reine-magie","title":{"rendered":"Artikel:<p> Reine Magie"},"content":{"rendered":"<div class=\"row-fluid\">\n<div class=\"offset1 span10 content\">\n<p>(<em>pdfDatei, 1 Abb.<\/em>)<\/p>\n<p>Sie schwirren und huschen durch unser Blickfeld: kleine Sternchen, transparente Kreise und schl\u00e4ngelnde F\u00e4den. Am besten lassen sich diese sogenannten entoptische Ph\u00e4nomene mit dem Blick durch ein Mikroskop auf Kleinstlebewesen vergleichen. Unter K\u00fcnstlern wird diese optische Erscheinung als Inspiration f\u00fcr ihre Werke genutzt, f\u00fcr andere sind sie ein Instrument der Meditation. Sind diese visuellen Erscheinungen ein interessantes Bindeglied zwischen Wissenschaft und Spiritualit\u00e4t, oder sind die schwirrenden Erscheinungen nur eine wissenschaftlich zu erkl\u00e4rende Illusion?<\/p>\n<p>Entoptische Ph\u00e4nomene sind abstrakte geometrische Formen, die sich unter bestimmten Umst\u00e4nden in unserem Blickfeld zeigen. Die bekanntesten sind die Nachbilder, die Mouches volantes (fliegende M\u00fccken) und die Sternchen. Manche dieser Erscheinungen kennen wir aus dem Alltag, andere sind uns fremd. Die westliche Wissenschaft sieht solche Ph\u00e4nomene als das Resultat von physikalisch-optischen und physiologischen Vorg\u00e4ngen im menschlichen K\u00f6rper; der Begriff \u201eentoptisch\u201c bezieht sich auf die Vorstellung, dass die Ursache dieser Erscheinungen innerhalb unseres Sehsystems (vom Auge \u00fcber den Sehnerv bis zum visuellen Sehzentrum im Hirn) liegt. In anderen Kulturen und Zeiten jedoch haben aussergew\u00f6hnliche subjektive Wahrnehmungen wie die entoptischen Erscheinungen eine religi\u00f6s-spirituelle Deutung erfahren.<\/p>\n<p>Nachbilder<br \/>\nDie Nachbilder sind von den hier vorgestellten Ph\u00e4nomenen diejenige Erscheinung, die am meisten wahrgenommen und erforscht sind. Der Begriff bezieht sich auf das Nachwirken einer visuellen Empfindung, wenn der tats\u00e4chliche Reiz eines betrachteten Gegenstandes nicht mehr da ist. Eine spirituelle Bedeutung haben Nachbilder in Zusammenhang mit dem Aura-Sehen erfahren. \u201eAura\u201c bezeichnet in der Esoterik den Energiek\u00f6rper, welcher eine Person umgibt und von sensiblen Menschen als Farbspektrum wahrgenommen werden kann. Die wichtigste Vorstellung \u00fcber die Aura ist, dass sie Informationen \u00fcber das Objekt beinhaltet, die sich durch unterschiedliche Farben und Intensit\u00e4ten in der Aura \u00e4ussern. Die Aura eines Menschen verr\u00e4t beispielsweise seinen augenblicklichen Gesundheits- und Gem\u00fctszustand, sowie seinen Charakter&#8230;<\/p>\n<\/div>\n<\/div>\n","protected":false},"excerpt":{"rendered":"<p>Was Augen sehen wenn sie nicht sehen<\/p>\n","protected":false},"featured_media":934,"template":"","meta":[],"product_brand":[],"product_cat":[44],"product_tag":[109,83,106,108,45,107],"class_list":{"0":"post-933","1":"product","2":"type-product","3":"status-publish","4":"has-post-thumbnail","6":"product_cat-artikel","7":"product_tag-aura","8":"product_tag-entoptische-phaenomene","9":"product_tag-magie","10":"product_tag-nachbilder","11":"product_tag-pdf-datei","12":"product_tag-sternchen","14":"first","15":"instock","16":"downloadable","17":"virtual","18":"purchasable","19":"product-type-simple"},"_links":{"self":[{"href":"https:\/\/www.mouches-volantes.com\/wordpress\/index.php?rest_route=\/wp\/v2\/product\/933","targetHints":{"allow":["GET"]}}],"collection":[{"href":"https:\/\/www.mouches-volantes.com\/wordpress\/index.php?rest_route=\/wp\/v2\/product"}],"about":[{"href":"https:\/\/www.mouches-volantes.com\/wordpress\/index.php?rest_route=\/wp\/v2\/types\/product"}],"wp:featuredmedia":[{"embeddable":true,"href":"https:\/\/www.mouches-volantes.com\/wordpress\/index.php?rest_route=\/wp\/v2\/media\/934"}],"wp:attachment":[{"href":"https:\/\/www.mouches-volantes.com\/wordpress\/index.php?rest_route=%2Fwp%2Fv2%2Fmedia&parent=933"}],"wp:term":[{"taxonomy":"product_brand","embeddable":true,"href":"https:\/\/www.mouches-volantes.com\/wordpress\/index.php?rest_route=%2Fwp%2Fv2%2Fproduct_brand&post=933"},{"taxonomy":"product_cat","embeddable":true,"href":"https:\/\/www.mouches-volantes.com\/wordpress\/index.php?rest_route=%2Fwp%2Fv2%2Fproduct_cat&post=933"},{"taxonomy":"product_tag","embeddable":true,"href":"https:\/\/www.mouches-volantes.com\/wordpress\/index.php?rest_route=%2Fwp%2Fv2%2Fproduct_tag&post=933"}],"curies":[{"name":"wp","href":"https:\/\/api.w.org\/{rel}","templated":true}]}}