{"id":939,"date":"2023-01-06T10:25:28","date_gmt":"2023-01-06T10:25:28","guid":{"rendered":"https:\/\/www.mouches-volantes.com\/wordpress\/?post_type=product&#038;p=939"},"modified":"2023-01-06T10:38:08","modified_gmt":"2023-01-06T10:38:08","slug":"artikel-holografische-weltmodelle","status":"publish","type":"product","link":"https:\/\/www.mouches-volantes.com\/wordpress\/?product=artikel-holografische-weltmodelle","title":{"rendered":"Artikel:<p>  Holografische Weltmodelle"},"content":{"rendered":"<div class=\"row-fluid\">\n<div class=\"offset1 span10 content\">\n<p>(<em>pdf Datei, 5 Abb.<\/em>)<\/p>\n<p>Im letzten Newsletter schrieb ich im Hauptartikel \u00fcber die Gemeinsamkeiten von Mouches volantes und \u201eIndras Netz\u201c, eine Metapher der Erleuchtungsvision im chinesischen Hua-yen-Buddhismus. Diesen Vergleich k\u00f6nnen wir als Beispiel einer gr\u00f6sseren kulturellen Bewegung verstehen: die Abl\u00f6sung des mechanischen durch das holografische Weltbild. Wie es zu diesem Paradigmenwechsel gekommen ist, was er bereits ausgel\u00f6st hat und weshalb das holografische Modell auch die Mouches volantes besser beschreiben kann.<\/p>\n<p>In Im Science-fiction-Film \u201eKrieg der Sterne\u201c ver\u00e4ndert sich Luke Skywalkers \u00f6des Leben auf dem W\u00fcstenplaneten Tatooine abrupt, als der eben erst erstandene Roboter R2-D2 pl\u00f6tzlich ein dreidimensionales Abbild von Prinzessin Leia projiziert, die verzweifelt um Hilfe ersucht. Dieses Abbild ist ein Hologramm (von gr. holos = \u201eganz\u201c, und gram = \u201eMitteilung\u201c, \u201eAufzeichnung\u201c), eine durch Lasertechnik erzeugte Darstellung, die nicht nur bildliche, sondern auch r\u00e4umliche Eigenschaften eines Objekts wiedergibt. Dieses Verfahren basiert auf den Arbeiten des Physikers Dennis Gabor von 1948, erlebte seinen Durchbruch aber erst mit der Erfindung des Lasers 1963.<\/p>\n<p>Hologramme weisen eine faszinierende Eigenschaft auf. In jedem Punkt ist die Information des gesamten Bildes enthalten. Schneidet man ein holografisches Bild in zwei St\u00fccke, so sieht man in jedem Teil wiederum das ganze Bild, so wie man durch ein Fenster mit zwei Fensterl\u00e4den, von denen einer geschlossen ist, noch immer die gesamte Aussenansicht betrachten kann. Nur der Winkelbereich, unter dem das Objekt zu sehen ist, sowie die Sch\u00e4rfe nehmen dabei ab&#8230;<\/p>\n<\/div>\n<\/div>\n","protected":false},"excerpt":{"rendered":"<p>Zwischen Wissenschaft und Sehen<\/p>\n","protected":false},"featured_media":945,"template":"","meta":[],"product_brand":[],"product_cat":[44],"product_tag":[116,119,79,45,118,117],"class_list":{"0":"post-939","1":"product","2":"type-product","3":"status-publish","4":"has-post-thumbnail","6":"product_cat-artikel","7":"product_tag-hologramm","8":"product_tag-laser","9":"product_tag-mouches-volantes","10":"product_tag-pdf-datei","11":"product_tag-sehen","12":"product_tag-wissenschaft","14":"first","15":"instock","16":"downloadable","17":"virtual","18":"purchasable","19":"product-type-simple"},"_links":{"self":[{"href":"https:\/\/www.mouches-volantes.com\/wordpress\/index.php?rest_route=\/wp\/v2\/product\/939","targetHints":{"allow":["GET"]}}],"collection":[{"href":"https:\/\/www.mouches-volantes.com\/wordpress\/index.php?rest_route=\/wp\/v2\/product"}],"about":[{"href":"https:\/\/www.mouches-volantes.com\/wordpress\/index.php?rest_route=\/wp\/v2\/types\/product"}],"wp:featuredmedia":[{"embeddable":true,"href":"https:\/\/www.mouches-volantes.com\/wordpress\/index.php?rest_route=\/wp\/v2\/media\/945"}],"wp:attachment":[{"href":"https:\/\/www.mouches-volantes.com\/wordpress\/index.php?rest_route=%2Fwp%2Fv2%2Fmedia&parent=939"}],"wp:term":[{"taxonomy":"product_brand","embeddable":true,"href":"https:\/\/www.mouches-volantes.com\/wordpress\/index.php?rest_route=%2Fwp%2Fv2%2Fproduct_brand&post=939"},{"taxonomy":"product_cat","embeddable":true,"href":"https:\/\/www.mouches-volantes.com\/wordpress\/index.php?rest_route=%2Fwp%2Fv2%2Fproduct_cat&post=939"},{"taxonomy":"product_tag","embeddable":true,"href":"https:\/\/www.mouches-volantes.com\/wordpress\/index.php?rest_route=%2Fwp%2Fv2%2Fproduct_tag&post=939"}],"curies":[{"name":"wp","href":"https:\/\/api.w.org\/{rel}","templated":true}]}}