{"id":941,"date":"2023-01-06T10:29:49","date_gmt":"2023-01-06T10:29:49","guid":{"rendered":"https:\/\/www.mouches-volantes.com\/wordpress\/?post_type=product&#038;p=941"},"modified":"2023-01-06T10:35:12","modified_gmt":"2023-01-06T10:35:12","slug":"artikel-sanftes-fliegenmittel","status":"publish","type":"product","link":"https:\/\/www.mouches-volantes.com\/wordpress\/?product=artikel-sanftes-fliegenmittel","title":{"rendered":"Artikel:<p>  Sanftes Fliegenmittel"},"content":{"rendered":"<div class=\"row-fluid\">\n<div class=\"offset1 span10 content\">\n<p>(<em>pdf Datei, 6 Abb.<\/em>)<\/p>\n<p>Mouches volantes sind harmlose und unbedeutende Glask\u00f6rpertr\u00fcbungen, sagen die Augen\u00e4rzte. Mouches volantes sind erste Erscheinungen einer alles ausf\u00fcllenden leuchtenden Bewusstseinsstruktur, sagen die Seher. Was sagt eigentlich die moderne alternative Augenheilkunde zu den Mouches volantes und wie ist diese Sicht aus der spirituellen Perspektive zu bewerten?<\/p>\n<p>\u201cMouches volantes\u201c oder \u201eM\u00fcckensehen\u201c ist die Bezeichnung f\u00fcr unterschiedliche Arten von Glask\u00f6rpertr\u00fcbungen. Im folgenden bezeichne ich damit ausschliesslich die transparenten vereinzelten und deutlich kontrastierten Punkte und F\u00e4den, die sich bei hellen Lichtverh\u00e4ltnissen in unserem Blickfeld bewegen. In mehreren Artikeln und einer spirituellen Erz\u00e4hlung habe ich sowohl die medizinische Sicht dieser Erscheinung aufgearbeitet, als auch die ekstatisch-spirituell bedeutsamen Erkenntnisse der Seher um den im Schweizer Emmental lebenden Lehrer Nestor bez\u00fcglich dieses Ph\u00e4nomens beschrieben: Mouches volantes sind harmlose und unbedeutende Glask\u00f6rpertr\u00fcbungen, sagen die Augen\u00e4rzte. Mouches volantes sind erste Erscheinungen einer alles ausf\u00fcllenden leuchtenden Bewusstseinsstruktur, sagen die Seher. Was sagt eigentlich die moderne alternative Augenheilkunde zu den Mouches volantes? Kann sie eine ganzheitliche Erkl\u00e4rung liefern, die Verstand und Gef\u00fchl gleichermassen befriedigt? Und wie ist diese Sicht aus der spirituellen Perspektive zu bewerten?<\/p>\n<p>Alternative Augenheilkunde<\/p>\n<p>Als \u201ealternative Augenheilkunde\u201c (im Englischen \u201enatural eyesight improvement\u201c oder \u201enatural vision correction\u201c) bezeichne ich alle Ans\u00e4tze, die davon ausgehen, dass die Sehkraft ein Teil der geistigen (seelischen) und k\u00f6rperlichen Gesundheit des Menschen ist und daher durch ganzheitliche (bzw. \u201enat\u00fcrliche\u201c) \u00dcbungen und Therapien erhalten oder verbessert werden kann. In diesem Grenzbereich der Heilkunde finden sich akademisch ausgebildete Augen\u00e4rzte und Optometristen, h\u00e4ufiger aber ganzheitliche Therapeutinnen und Therapeuten aus den unterschiedlichsten Gesundheitsbereichen, die sich auf die Augen und das Sehen spezialisiert haben&#8230;<\/p>\n<\/div>\n<\/div>\n","protected":false},"excerpt":{"rendered":"<p>Mouches volantes in der alternativen Augenheilkunde<\/p>\n","protected":false},"featured_media":942,"template":"","meta":[],"product_brand":[],"product_cat":[44],"product_tag":[123,97,120,122,121,45,124],"class_list":{"0":"post-941","1":"product","2":"type-product","3":"status-publish","4":"has-post-thumbnail","6":"product_cat-artikel","7":"product_tag-augenaerzte","8":"product_tag-augenheilkunde","9":"product_tag-glaskoerpertruebungen","10":"product_tag-heilkunde","11":"product_tag-nestor","12":"product_tag-pdf-datei","13":"product_tag-seher","15":"first","16":"instock","17":"downloadable","18":"virtual","19":"purchasable","20":"product-type-simple"},"_links":{"self":[{"href":"https:\/\/www.mouches-volantes.com\/wordpress\/index.php?rest_route=\/wp\/v2\/product\/941","targetHints":{"allow":["GET"]}}],"collection":[{"href":"https:\/\/www.mouches-volantes.com\/wordpress\/index.php?rest_route=\/wp\/v2\/product"}],"about":[{"href":"https:\/\/www.mouches-volantes.com\/wordpress\/index.php?rest_route=\/wp\/v2\/types\/product"}],"wp:featuredmedia":[{"embeddable":true,"href":"https:\/\/www.mouches-volantes.com\/wordpress\/index.php?rest_route=\/wp\/v2\/media\/942"}],"wp:attachment":[{"href":"https:\/\/www.mouches-volantes.com\/wordpress\/index.php?rest_route=%2Fwp%2Fv2%2Fmedia&parent=941"}],"wp:term":[{"taxonomy":"product_brand","embeddable":true,"href":"https:\/\/www.mouches-volantes.com\/wordpress\/index.php?rest_route=%2Fwp%2Fv2%2Fproduct_brand&post=941"},{"taxonomy":"product_cat","embeddable":true,"href":"https:\/\/www.mouches-volantes.com\/wordpress\/index.php?rest_route=%2Fwp%2Fv2%2Fproduct_cat&post=941"},{"taxonomy":"product_tag","embeddable":true,"href":"https:\/\/www.mouches-volantes.com\/wordpress\/index.php?rest_route=%2Fwp%2Fv2%2Fproduct_tag&post=941"}],"curies":[{"name":"wp","href":"https:\/\/api.w.org\/{rel}","templated":true}]}}