{"id":946,"date":"2023-01-06T10:47:02","date_gmt":"2023-01-06T10:47:02","guid":{"rendered":"https:\/\/www.mouches-volantes.com\/wordpress\/?post_type=product&#038;p=946"},"modified":"2025-09-30T08:30:52","modified_gmt":"2025-09-30T08:30:52","slug":"buchmouches-volantes-im-yoga","status":"publish","type":"product","link":"https:\/\/www.mouches-volantes.com\/wordpress\/?product=buchmouches-volantes-im-yoga","title":{"rendered":"Buch:<p> Mouches volantes im Yoga"},"content":{"rendered":"<p>(<em>Taschenbuch, 111 S. und 35 Abb.<\/em>)<\/p>\n<p>Alle haben sie, fast alle sehen sie, und nur wenige schauen hin: die vereinzelten, transparenten und beweglichen Punkte und F\u00e4den im Blickfeld. In der Augenheilkunde werden sie \u201eMouches volantes\u201c genannt und als Glask\u00f6rpertr\u00fcbung verstanden.<\/p>\n<p>Doch stimmt diese Erkl\u00e4rung? Der Autor, Floco Tausin, folgt in diesem Buch der seherischen Erfahrung, dass Mouches volantes keine Glask\u00f6rpertr\u00fcbung sind, sondern eine leuchtende Struktur und ein Ausdruck unseres Bewusstseins. Diese Leuchtstruktur, so die Annahme, wurde stets von Menschen gesehen, die Techniken der Bewusstseinsver\u00e4nderung eingesetzt haben.<\/p>\n<p>Ein Beispiel f\u00fcr diese Annahme ist der indische Yoga. Der Autor betrachtet das ekstatische Sehertum der Veden, die philosophischen Lehren der Upanishaden, sowie die klassische Yogaliteratur \u2013 und findet die Leuchtstruktur in mythischen Bildern, kosmischen Metaphern sowie in den Lichtvisionen des Yoga.<\/p>\n","protected":false},"excerpt":{"rendered":"<p>Vedische Grundlagen, Philosophie, Lichtvisionen<\/p>\n","protected":false},"featured_media":947,"template":"","meta":[],"product_brand":[],"product_cat":[282,42],"product_tag":[38,78,79,127,125,129,128,126],"class_list":{"0":"post-946","1":"product","2":"type-product","3":"status-publish","4":"has-post-thumbnail","6":"product_cat-buch-sachbuecher","7":"product_cat-taschenbuch","8":"product_tag-buch","9":"product_tag-meditation","10":"product_tag-mouches-volantes","11":"product_tag-philosophie","12":"product_tag-spiritual","13":"product_tag-veden","14":"product_tag-visionen","15":"product_tag-yoga","17":"first","18":"instock","19":"shipping-taxable","20":"purchasable","21":"product-type-simple"},"_links":{"self":[{"href":"https:\/\/www.mouches-volantes.com\/wordpress\/index.php?rest_route=\/wp\/v2\/product\/946","targetHints":{"allow":["GET"]}}],"collection":[{"href":"https:\/\/www.mouches-volantes.com\/wordpress\/index.php?rest_route=\/wp\/v2\/product"}],"about":[{"href":"https:\/\/www.mouches-volantes.com\/wordpress\/index.php?rest_route=\/wp\/v2\/types\/product"}],"wp:featuredmedia":[{"embeddable":true,"href":"https:\/\/www.mouches-volantes.com\/wordpress\/index.php?rest_route=\/wp\/v2\/media\/947"}],"wp:attachment":[{"href":"https:\/\/www.mouches-volantes.com\/wordpress\/index.php?rest_route=%2Fwp%2Fv2%2Fmedia&parent=946"}],"wp:term":[{"taxonomy":"product_brand","embeddable":true,"href":"https:\/\/www.mouches-volantes.com\/wordpress\/index.php?rest_route=%2Fwp%2Fv2%2Fproduct_brand&post=946"},{"taxonomy":"product_cat","embeddable":true,"href":"https:\/\/www.mouches-volantes.com\/wordpress\/index.php?rest_route=%2Fwp%2Fv2%2Fproduct_cat&post=946"},{"taxonomy":"product_tag","embeddable":true,"href":"https:\/\/www.mouches-volantes.com\/wordpress\/index.php?rest_route=%2Fwp%2Fv2%2Fproduct_tag&post=946"}],"curies":[{"name":"wp","href":"https:\/\/api.w.org\/{rel}","templated":true}]}}