{"id":962,"date":"2023-01-06T12:26:31","date_gmt":"2023-01-06T12:26:31","guid":{"rendered":"https:\/\/www.mouches-volantes.com\/wordpress\/?post_type=product&#038;p=962"},"modified":"2023-01-06T12:26:31","modified_gmt":"2023-01-06T12:26:31","slug":"artikel-mouches-volantes-glaskoerpertruebung-oder-nervensystem-teil-4","status":"publish","type":"product","link":"https:\/\/www.mouches-volantes.com\/wordpress\/?product=artikel-mouches-volantes-glaskoerpertruebung-oder-nervensystem-teil-4","title":{"rendered":"Artikel:<p> Mouches volantes \u2013 Glask\u00f6rpertr\u00fcbung oder Nervensystem? \u2013 Teil 4"},"content":{"rendered":"<div class=\"row-fluid\">\n<div class=\"offset1 span10 content\">(<em>pdf Datei, 4 Abb.<\/em>)<\/p>\n<p>Seit Jahrhunderten versuchen Gelehrte, eine Erkl\u00e4rung f\u00fcr die beweglichen Punkte und F\u00e4den im Gesichtsfeld zu finden. Schon fr\u00fch dachte man sich die Ursache im Auge und verstand das Ph\u00e4nomen als eine St\u00f6rung oder Degeneration irgendwo zwischen Pupille und Netzhaut &#8211; heute gelten Mouches volantes als Tr\u00fcbung des Glask\u00f6rpers. Genaue Beobachtungen aber enth\u00fcllen geordnete Strukturen und lassen die Degenerationsthese fragw\u00fcrdig erscheinen. Im Nervensystem des Sehens befinden sich \u00e4hnliche Strukturen \u2013 was zur Vermutung f\u00fchrt, dass die fliegenden M\u00fccken dort ihren Ursprung haben. Der vierte Teil bildet den Abschluss der Serie.<\/p>\n<p>Teil 4: Weitergehende \u00dcberlegungen und Einw\u00e4nde<\/p>\n<p>Mit der polaren Zentrum-Umgebung-Organisation sowie den verschiedenen Schichten der Wahrnehmung bzw. visuellen Verarbeitung weisen MV und die Neuronen in Netzhaut und Hirn eine verbl\u00fcffende \u00c4hnlichkeit auf. Somit ist es denkbar, dass die subjektiven Kugeln und F\u00e4den in unserem Gesichtsfeld ein Produkt der rezeptiven Feldeigenschaften der Nervenzellen im Sehsystem sind. Mouches volantes w\u00e4ren demnach nicht die chaotische &#8222;St\u00f6rung&#8220; im Glask\u00f6rper, als die sie heute angenommen wird, sondern ein nat\u00fcrlicher Teil des neurophysiologischen Systems.<\/p>\n<p>Eine solche Behauptung steht im Widerspruch zur heute allgemein akzeptierten Vorstellung \u00fcber MV. Ich will daher einige m\u00f6gliche Einw\u00e4nde aufgreifen und ein paar Gedanken dazu formulieren: Wenn MV der visuelle Ausdruck von rezeptiven Feldern sind \u2013 warum k\u00f6nnen wir \u00fcberhaupt rezeptive Felder sehen? Und warum k\u00f6nnen wir nur vereinzelte davon sehen, und nicht dieselbe F\u00fclle, die wir in der Netzhaut antreffen? Eine weitere Frage betrifft die Bewegung von MV: Warum erfahren wir die MV in unserem Gesichtsfeld als so beweglich, z.T. durch unseren Blick beeinflussbar, z.T. eine Eigenbewegung aufweisend \u2013 wenn es sich dabei um unbewegliche rezeptive Felder in der Netzhaut handelt? Und schliesslich: Wie kann die Ursache der MV im neuronalen visuellen System liegen, wenn Augen\u00e4rzte ihre Patienten von MV durch die Vitrektomie (Glask\u00f6rperentfernung) befreien&#8230;<\/p><\/div>\n<\/div>\n","protected":false},"excerpt":{"rendered":"<p>Teil 4: Weitergehende \u00dcberlegungen und Einw\u00e4nde<\/p>\n","protected":false},"featured_media":963,"template":"","meta":[],"product_brand":[],"product_cat":[44],"product_tag":[123,120,132,130,139,45,137],"class_list":{"0":"post-962","1":"product","2":"type-product","3":"status-publish","4":"has-post-thumbnail","6":"product_cat-artikel","7":"product_tag-augenaerzte","8":"product_tag-glaskoerpertruebungen","9":"product_tag-nervensystem","10":"product_tag-netzhaut","11":"product_tag-neuronen","12":"product_tag-pdf-datei","13":"product_tag-rezeptiven-feldern","15":"first","16":"instock","17":"downloadable","18":"virtual","19":"purchasable","20":"product-type-simple"},"_links":{"self":[{"href":"https:\/\/www.mouches-volantes.com\/wordpress\/index.php?rest_route=\/wp\/v2\/product\/962","targetHints":{"allow":["GET"]}}],"collection":[{"href":"https:\/\/www.mouches-volantes.com\/wordpress\/index.php?rest_route=\/wp\/v2\/product"}],"about":[{"href":"https:\/\/www.mouches-volantes.com\/wordpress\/index.php?rest_route=\/wp\/v2\/types\/product"}],"wp:featuredmedia":[{"embeddable":true,"href":"https:\/\/www.mouches-volantes.com\/wordpress\/index.php?rest_route=\/wp\/v2\/media\/963"}],"wp:attachment":[{"href":"https:\/\/www.mouches-volantes.com\/wordpress\/index.php?rest_route=%2Fwp%2Fv2%2Fmedia&parent=962"}],"wp:term":[{"taxonomy":"product_brand","embeddable":true,"href":"https:\/\/www.mouches-volantes.com\/wordpress\/index.php?rest_route=%2Fwp%2Fv2%2Fproduct_brand&post=962"},{"taxonomy":"product_cat","embeddable":true,"href":"https:\/\/www.mouches-volantes.com\/wordpress\/index.php?rest_route=%2Fwp%2Fv2%2Fproduct_cat&post=962"},{"taxonomy":"product_tag","embeddable":true,"href":"https:\/\/www.mouches-volantes.com\/wordpress\/index.php?rest_route=%2Fwp%2Fv2%2Fproduct_tag&post=962"}],"curies":[{"name":"wp","href":"https:\/\/api.w.org\/{rel}","templated":true}]}}