{"id":965,"date":"2023-01-06T13:23:54","date_gmt":"2023-01-06T13:23:54","guid":{"rendered":"https:\/\/www.mouches-volantes.com\/wordpress\/?post_type=product&#038;p=965"},"modified":"2025-09-30T08:30:52","modified_gmt":"2025-09-30T08:30:52","slug":"buch-mouches-volantes-und-der-weg-des-sehens","status":"publish","type":"product","link":"https:\/\/www.mouches-volantes.com\/wordpress\/?product=buch-mouches-volantes-und-der-weg-des-sehens","title":{"rendered":"Buch:<p> Mouches volantes und der Weg des Sehens"},"content":{"rendered":"<p>(<em>Taschenbuch, 79 S. und 22 Abb.<\/em>)<\/p>\n<p>Alle haben sie, fast alle sehen sie, und nur wenige schauen hin: die vereinzelten, transparenten und beweglichen Punkte und F\u00e4den im Blickfeld. In der Augenheilkunde werden sie \u201eMouches volantes\u201c genannt und als Glask\u00f6rpertr\u00fcbung verstanden.<\/p>\n<p>Doch stimmt diese Erkl\u00e4rung? Der Autor, Floco Tausin, folgt in diesem Buch der seherischen Erfahrung, dass Mouches volantes keine Glask\u00f6rpertr\u00fcbung, sondern eine leuchtende Struktur und ein Ausdruck unseres Bewusstseinszustandes sind.<\/p>\n<p>In dieser Sammlung von fr\u00fcher ver\u00f6ffentlichten und \u00fcberarbeiteten Texten besch\u00e4ftigt sich der Autor mit der Frage, inwiefern subjektive visuelle Erscheinungen als Meditationsgegenstand verwendet werden k\u00f6nnen. Wegweisend dabei ist die Lehre und Praxis von Nestor, einem im Schweizer Emmental lebenden Seher. Sein Weg der Bewusstseinsintensivierung, des Sehens und der Ekstase l\u00e4sst die kleinen beweglichen Mouches volantes zu ruhenden, grossen und leuchtenden Kugeln werden.<\/p>\n","protected":false},"excerpt":{"rendered":"<p>Ekstase und Meditation mit offenen Augen in der Praxis eines Sehers<\/p>\n","protected":false},"featured_media":966,"template":"","meta":[],"product_brand":[],"product_cat":[282,42],"product_tag":[80,38,140,78,79,124],"class_list":{"0":"post-965","1":"product","2":"type-product","3":"status-publish","4":"has-post-thumbnail","6":"product_cat-buch-sachbuecher","7":"product_cat-taschenbuch","8":"product_tag-bewusstsein","9":"product_tag-buch","10":"product_tag-ekstase","11":"product_tag-meditation","12":"product_tag-mouches-volantes","13":"product_tag-seher","15":"first","16":"instock","17":"shipping-taxable","18":"purchasable","19":"product-type-simple"},"_links":{"self":[{"href":"https:\/\/www.mouches-volantes.com\/wordpress\/index.php?rest_route=\/wp\/v2\/product\/965","targetHints":{"allow":["GET"]}}],"collection":[{"href":"https:\/\/www.mouches-volantes.com\/wordpress\/index.php?rest_route=\/wp\/v2\/product"}],"about":[{"href":"https:\/\/www.mouches-volantes.com\/wordpress\/index.php?rest_route=\/wp\/v2\/types\/product"}],"wp:featuredmedia":[{"embeddable":true,"href":"https:\/\/www.mouches-volantes.com\/wordpress\/index.php?rest_route=\/wp\/v2\/media\/966"}],"wp:attachment":[{"href":"https:\/\/www.mouches-volantes.com\/wordpress\/index.php?rest_route=%2Fwp%2Fv2%2Fmedia&parent=965"}],"wp:term":[{"taxonomy":"product_brand","embeddable":true,"href":"https:\/\/www.mouches-volantes.com\/wordpress\/index.php?rest_route=%2Fwp%2Fv2%2Fproduct_brand&post=965"},{"taxonomy":"product_cat","embeddable":true,"href":"https:\/\/www.mouches-volantes.com\/wordpress\/index.php?rest_route=%2Fwp%2Fv2%2Fproduct_cat&post=965"},{"taxonomy":"product_tag","embeddable":true,"href":"https:\/\/www.mouches-volantes.com\/wordpress\/index.php?rest_route=%2Fwp%2Fv2%2Fproduct_tag&post=965"}],"curies":[{"name":"wp","href":"https:\/\/api.w.org\/{rel}","templated":true}]}}