{"id":980,"date":"2023-01-06T14:30:46","date_gmt":"2023-01-06T14:30:46","guid":{"rendered":"https:\/\/www.mouches-volantes.com\/wordpress\/?post_type=product&#038;p=980"},"modified":"2023-01-06T14:30:46","modified_gmt":"2023-01-06T14:30:46","slug":"artikel-im-auge-des-re","status":"publish","type":"product","link":"https:\/\/www.mouches-volantes.com\/wordpress\/?product=artikel-im-auge-des-re","title":{"rendered":"Artikel:<p>   Im Auge des Re"},"content":{"rendered":"<div class=\"row-fluid\">\n<div class=\"offset1 span10 content\">(<em>pdf Datei, 17 Abb.<\/em>)<\/p>\n<p>Das Ph\u00e4nomen der Mouches volantes wird in unserer Kultur vorwiegend im Einklang mit der modernen medizinischen Sicht verstanden, wo es als \u201eGlask\u00f6rpertr\u00fcbung\u201c gilt. Die Sichtung bildlichen Materials aus fr\u00fcheren und aussereurop\u00e4ischen Kulturen offenbart jedoch immer wieder abstrakte Zeichen, die den typischen Strukturen der Mouches volantes \u00e4hneln. Dass Mouches volantes wom\u00f6glich als spirituelles Ph\u00e4nomen gedeutet wurde, l\u00e4sst auf eine Wahrnehmungsdimension des Ph\u00e4nomens schliessen, f\u00fcr die die moderne Medizin bis heute kein Interesse zeigt. In diesem Artikel legt ein Ausflug in die Bilderwelt des pharaonischen \u00c4gyptens nahe, dass Mouches volantes Eingang in die Kunst und Vorstellungswelt dieser antiken Hochkultur gefunden haben.<\/p>\n<p>Mouches volantes Strukturen in den Bildern und Texten des antiken \u00c4gyptens<\/p>\n<p>Die Darstellung der Sonne<br \/>\nDie Sonne galt wegen ihrer lebensspendenden W\u00e4rme und dem regelm\u00e4ssigen Lauf bereits im Alten Reich (ab 2800 v. Chr.) als Manifestation einer Gottheit, des Sonnengottes Re (oder Ra). Der Kult um die Sonne hat sich in einzelnen Zentren des Reiches gebildet, v.a. in der \u201eSonnenstadt\u201c, Heliopolis. Ab dem 15. Jh. v. Chr. breitete er sich in ganz \u00c4gypten rasch aus. Der Aufstieg der Sonne zu einer Reichsgottheit bewirkte eine vielf\u00e4ltige Identifikation von Re mit lokalen und regionalen Gottheiten. So wurde er als anthropomorpher Sch\u00f6pfergott Re-Atum in Heliopolis, als Amun-Re in Theben, als Falke ReHarachti, als Sonne rollender Skarab\u00e4us (Chepri) oder als Sonnenscheibe (Aten\/Aton) vorgestellt und angerufen. Letztere wurde dem menschengestaltigen Re (und den mit Re verbundenen Gottheiten) oft als begleitendes Attribut \u00fcber dem Kopf gemalt&#8230;<\/p><\/div>\n<\/div>\n","protected":false},"excerpt":{"rendered":"<p>Mouches volantes Strukturen in der Symbolik des antiken \u00c4gyptens<\/p>\n","protected":false},"featured_media":981,"template":"","meta":[],"product_brand":[],"product_cat":[44],"product_tag":[151,156,152,155,157,45,153,154],"class_list":{"0":"post-980","1":"product","2":"type-product","3":"status-publish","4":"has-post-thumbnail","6":"product_cat-artikel","7":"product_tag-aegypten","8":"product_tag-amun","9":"product_tag-auge","10":"product_tag-gott","11":"product_tag-kunst","12":"product_tag-pdf-datei","13":"product_tag-re","14":"product_tag-sonne","16":"first","17":"instock","18":"downloadable","19":"virtual","20":"purchasable","21":"product-type-simple"},"_links":{"self":[{"href":"https:\/\/www.mouches-volantes.com\/wordpress\/index.php?rest_route=\/wp\/v2\/product\/980","targetHints":{"allow":["GET"]}}],"collection":[{"href":"https:\/\/www.mouches-volantes.com\/wordpress\/index.php?rest_route=\/wp\/v2\/product"}],"about":[{"href":"https:\/\/www.mouches-volantes.com\/wordpress\/index.php?rest_route=\/wp\/v2\/types\/product"}],"wp:featuredmedia":[{"embeddable":true,"href":"https:\/\/www.mouches-volantes.com\/wordpress\/index.php?rest_route=\/wp\/v2\/media\/981"}],"wp:attachment":[{"href":"https:\/\/www.mouches-volantes.com\/wordpress\/index.php?rest_route=%2Fwp%2Fv2%2Fmedia&parent=980"}],"wp:term":[{"taxonomy":"product_brand","embeddable":true,"href":"https:\/\/www.mouches-volantes.com\/wordpress\/index.php?rest_route=%2Fwp%2Fv2%2Fproduct_brand&post=980"},{"taxonomy":"product_cat","embeddable":true,"href":"https:\/\/www.mouches-volantes.com\/wordpress\/index.php?rest_route=%2Fwp%2Fv2%2Fproduct_cat&post=980"},{"taxonomy":"product_tag","embeddable":true,"href":"https:\/\/www.mouches-volantes.com\/wordpress\/index.php?rest_route=%2Fwp%2Fv2%2Fproduct_tag&post=980"}],"curies":[{"name":"wp","href":"https:\/\/api.w.org\/{rel}","templated":true}]}}