{"id":983,"date":"2023-01-06T14:38:34","date_gmt":"2023-01-06T14:38:34","guid":{"rendered":"https:\/\/www.mouches-volantes.com\/wordpress\/?post_type=product&#038;p=983"},"modified":"2023-01-06T14:38:50","modified_gmt":"2023-01-06T14:38:50","slug":"artikel-die-leuchtkugel-am-ende-des-tunnels","status":"publish","type":"product","link":"https:\/\/www.mouches-volantes.com\/wordpress\/?product=artikel-die-leuchtkugel-am-ende-des-tunnels","title":{"rendered":"Artikel:<p>  Die Leuchtkugel am Ende des Tunnels"},"content":{"rendered":"<div class=\"row-fluid\">\n<div class=\"offset1 span10 content\">\n<p>(<em>pdf Datei, 5 Abb.<\/em>)<\/p>\n<p>Menschen, die klinisch tot waren und wiederbelebt werden konnten, berichten oft von aussergew\u00f6hnlichen und tiefgreifenden Erfahrungen im Zustand der Todesn\u00e4he \u2013 Erfahrungen, die wissenschaftliches und religi\u00f6ses Denken gleichermassen herausfordern. Einige Elemente von Nahtoderfahrungen weisen \u00c4hnlichkeiten mit der allt\u00e4glichen Wahrnehmung von Mouches volantes auf. Die These dieses Artikels ist es, dass wir in den Mouches volantes und anderen entoptischen Erscheinungen Bewusstseinsph\u00e4nomene haben, deren Existenz sich in Nahtodzust\u00e4nden \u2013 und m\u00f6glicherweise \u00fcber den Tod hinaus \u2013 in intensiverer Form fortsetzt.<\/p>\n<p>Was ist eine Nahtoderfahrung?<\/p>\n<p>Erz\u00e4hlungen von Menschen in Todesn\u00e4he sind uns aus vielen Kulturen und Zeiten \u00fcbermittelt. F\u00fcr die Menschen im Westen bezeugte das Ph\u00e4nomen jahrhundertelang die Existenz von Himmel und H\u00f6lle. Seit dem Ende des 19. Jh. besch\u00e4ftigen sich Wissenschaftler mit den mystischen und lebensver\u00e4ndernden Nahtoderfahrungen. Doch erst in der zweiten H\u00e4lfte des 20. Jh. stiess das Ph\u00e4nomen auf ein breiteres wissenschaftliches und \u00f6ffentliches Interesse. Nach Vorarbeiten von Forscherinnen und Forschern wie Elisabeth K\u00fcbler-Ross, Russel Noyes, und Robert Crookall (vgl. Corazza 2008) ver\u00f6ffentlichte der Philosoph und Psychiater Raymond Moody sein popul\u00e4res Buch Life after life (dt. \u201eLeben nach dem Tod\u201c, 1975). Dieses wurde zum Bestseller und brachte die in der modernen Industriegesellschaften stark tabuisierten Themen Tod und Sterben ins \u00f6ffentliche Gespr\u00e4ch&#8230;<\/p>\n<\/div>\n<\/div>\n","protected":false},"excerpt":{"rendered":"<p>Mouches volantes und Nahtoderfahrung<\/p>\n","protected":false},"featured_media":984,"template":"","meta":[],"product_brand":[],"product_cat":[44],"product_tag":[158,91,45,101,161,160,159],"class_list":{"0":"post-983","1":"product","2":"type-product","3":"status-publish","4":"has-post-thumbnail","6":"product_cat-artikel","7":"product_tag-leuchtkugel","8":"product_tag-nahtoderfahrungen","9":"product_tag-pdf-datei","10":"product_tag-phaenomen","11":"product_tag-sterben","12":"product_tag-tod","13":"product_tag-wahrnehmung","15":"first","16":"instock","17":"downloadable","18":"virtual","19":"purchasable","20":"product-type-simple"},"_links":{"self":[{"href":"https:\/\/www.mouches-volantes.com\/wordpress\/index.php?rest_route=\/wp\/v2\/product\/983","targetHints":{"allow":["GET"]}}],"collection":[{"href":"https:\/\/www.mouches-volantes.com\/wordpress\/index.php?rest_route=\/wp\/v2\/product"}],"about":[{"href":"https:\/\/www.mouches-volantes.com\/wordpress\/index.php?rest_route=\/wp\/v2\/types\/product"}],"wp:featuredmedia":[{"embeddable":true,"href":"https:\/\/www.mouches-volantes.com\/wordpress\/index.php?rest_route=\/wp\/v2\/media\/984"}],"wp:attachment":[{"href":"https:\/\/www.mouches-volantes.com\/wordpress\/index.php?rest_route=%2Fwp%2Fv2%2Fmedia&parent=983"}],"wp:term":[{"taxonomy":"product_brand","embeddable":true,"href":"https:\/\/www.mouches-volantes.com\/wordpress\/index.php?rest_route=%2Fwp%2Fv2%2Fproduct_brand&post=983"},{"taxonomy":"product_cat","embeddable":true,"href":"https:\/\/www.mouches-volantes.com\/wordpress\/index.php?rest_route=%2Fwp%2Fv2%2Fproduct_cat&post=983"},{"taxonomy":"product_tag","embeddable":true,"href":"https:\/\/www.mouches-volantes.com\/wordpress\/index.php?rest_route=%2Fwp%2Fv2%2Fproduct_tag&post=983"}],"curies":[{"name":"wp","href":"https:\/\/api.w.org\/{rel}","templated":true}]}}