{"id":986,"date":"2023-01-06T14:48:45","date_gmt":"2023-01-06T14:48:45","guid":{"rendered":"https:\/\/www.mouches-volantes.com\/wordpress\/?post_type=product&#038;p=986"},"modified":"2023-01-06T14:48:46","modified_gmt":"2023-01-06T14:48:46","slug":"artikel-schamasch-ischtar-und-igigi","status":"publish","type":"product","link":"https:\/\/www.mouches-volantes.com\/wordpress\/?product=artikel-schamasch-ischtar-und-igigi","title":{"rendered":"Artikel:<p>   Schamasch, Ischtar und Igigi"},"content":{"rendered":"<p>(<em>pdf Datei, 22 Abb.<\/em>)<\/p>\n<p>Das Ph\u00e4nomen der Mouches volantes wird in unserer Kultur vorwiegend im Einklang mit der modernen medizinischen Sicht verstanden, wo es als \u201eGlask\u00f6rpertr\u00fcbung\u201c gilt. Die Sichtung bildlichen Materials aus fr\u00fcheren und aussereurop\u00e4ischen Kulturen offenbart jedoch immer wieder abstrakte Zeichen, die den typischen Strukturen der Mouches volantes \u00e4hneln. Dass Mouches volantes wom\u00f6glich als spirituelles Ph\u00e4nomen gedeutet wurde, l\u00e4sst auf eine Wahrnehmungsdimension des Ph\u00e4nomens schliessen, f\u00fcr die die moderne Medizin bis heute kein Interesse zeigt. In diesem Artikel werden Mouches-volantes-Formen in der Bilderwelt Mesopotamiens vorgestellt, der Wiege der Zivilisation in Vorderasien.<\/p>\n<p>Als die Menschen vor 10\u2018000 Jahren allm\u00e4hlich von nomadischen Lebensformen zur Sesshaftigkeit und Ackerbau \u00fcbergingen, legten sie die Grundlage f\u00fcr die ersten Hochkulturen der Geschichte. Eines der fr\u00fchesten Gebiete, in denen ab dem 4. Jahrtausend v. Chr. st\u00e4dtische Gemeinschaften und Grossreiche entstanden, ist das Land an den beiden Fl\u00fcssen Euphrat und Tigris im heutigen Irak, von den Griechen \u201eZwischenstrom(land)\u201c (Mesopotamien) genannt. Jahrtausendelang war dieses Land ein Schmelztiegel unterschiedlicher V\u00f6lker und Kulturen, die Dynastien gr\u00fcndeten, durch Kan\u00e4le bew\u00e4sserte Felder bestellten, Handel trieben, Kunsthandwerk verrichteten, den G\u00f6ttern opferten und Eroberungsfeldz\u00fcge durchf\u00fchrten. Sumerer, Assyrer, Babylonier, Hethiter, Hurriter und andere V\u00f6lker hinterliessen Bauwerke, Stelen, Tontafeln,<br \/>\nRollsiegeln, Malereien, Keramiken und Metallarbeiten aus Bronze und Eisen, die von einer bewegten Geschichte erz\u00e4hlen \u2013 und zuweilen Formen und Symbole enthalten, die an entoptische Erscheinungen erinnern. K\u00f6nnten Aspekte der Kulturen Mesopotamiens durch die Wahrnehmung von Mouches volantes beeinflusst sein&#8230;<\/p>\n","protected":false},"excerpt":{"rendered":"<p>Mouches-volantes-Strukturen im antiken Mesopotamien<\/p>\n","protected":false},"featured_media":987,"template":"","meta":[],"product_brand":[],"product_cat":[44],"product_tag":[167,165,162,166,163,45,101,164],"class_list":{"0":"post-986","1":"product","2":"type-product","3":"status-publish","4":"has-post-thumbnail","6":"product_cat-artikel","7":"product_tag-antik","8":"product_tag-babylon","9":"product_tag-ischtar","10":"product_tag-kultur","11":"product_tag-mesopotamien","12":"product_tag-pdf-datei","13":"product_tag-phaenomen","14":"product_tag-vorderasien","16":"first","17":"instock","18":"downloadable","19":"virtual","20":"purchasable","21":"product-type-simple"},"_links":{"self":[{"href":"https:\/\/www.mouches-volantes.com\/wordpress\/index.php?rest_route=\/wp\/v2\/product\/986","targetHints":{"allow":["GET"]}}],"collection":[{"href":"https:\/\/www.mouches-volantes.com\/wordpress\/index.php?rest_route=\/wp\/v2\/product"}],"about":[{"href":"https:\/\/www.mouches-volantes.com\/wordpress\/index.php?rest_route=\/wp\/v2\/types\/product"}],"wp:featuredmedia":[{"embeddable":true,"href":"https:\/\/www.mouches-volantes.com\/wordpress\/index.php?rest_route=\/wp\/v2\/media\/987"}],"wp:attachment":[{"href":"https:\/\/www.mouches-volantes.com\/wordpress\/index.php?rest_route=%2Fwp%2Fv2%2Fmedia&parent=986"}],"wp:term":[{"taxonomy":"product_brand","embeddable":true,"href":"https:\/\/www.mouches-volantes.com\/wordpress\/index.php?rest_route=%2Fwp%2Fv2%2Fproduct_brand&post=986"},{"taxonomy":"product_cat","embeddable":true,"href":"https:\/\/www.mouches-volantes.com\/wordpress\/index.php?rest_route=%2Fwp%2Fv2%2Fproduct_cat&post=986"},{"taxonomy":"product_tag","embeddable":true,"href":"https:\/\/www.mouches-volantes.com\/wordpress\/index.php?rest_route=%2Fwp%2Fv2%2Fproduct_tag&post=986"}],"curies":[{"name":"wp","href":"https:\/\/api.w.org\/{rel}","templated":true}]}}