{"id":989,"date":"2023-01-06T14:56:47","date_gmt":"2023-01-06T14:56:47","guid":{"rendered":"https:\/\/www.mouches-volantes.com\/wordpress\/?post_type=product&#038;p=989"},"modified":"2023-01-06T14:56:47","modified_gmt":"2023-01-06T14:56:47","slug":"artikel-yin-und-yang-bi-und-cong","status":"publish","type":"product","link":"https:\/\/www.mouches-volantes.com\/wordpress\/?product=artikel-yin-und-yang-bi-und-cong","title":{"rendered":"Artikel:<p>   Yin und Yang, Bi und Cong"},"content":{"rendered":"<div class=\"row-fluid\">\n<div class=\"offset1 span10 content\">(<em>pdf Datei, 15 Abb.<\/em>)<\/p>\n<p>Das Ph\u00e4nomen der Mouches volantes wird in unserer Kultur vorwiegend im Einklang mit der modernen medizinischen Sicht verstanden, wo es als \u201eGlask\u00f6rpertr\u00fcbung\u201c gilt. Die Sichtung bildlichen Materials aus fr\u00fcheren und aussereurop\u00e4ischen Kulturen offenbart jedoch immer wieder abstrakte Zeichen, die den typischen Strukturen der Mouches volantes \u00e4hneln. Dass Mouches volantes wom\u00f6glich als spirituelles Ph\u00e4nomen gedeutet wurde, l\u00e4sst auf eine Wahrnehmungsdimension des Ph\u00e4nomens schliessen, f\u00fcr die die moderne Medizin bis heute kein Interesse zeigt. In diesem Artikel werden Mouches-volantes-Formen in der Bilderwelt des alten China vorgestellt.<\/p>\n<p>Diese Zusammenstellung von Beispielen des fr\u00fchen chinesischen Kunsthandwerks basiert auf der Annahme, dass eine bereits im Jungpal\u00e4olithikum (ca. 40000-10000 v. Chr.) vorhandene \u201eschamanische\u201c Ritualpraxis bzw. Ekstasetechnik zur vermehrten Wahrnehmung und Bedeutung von entoptischen Ph\u00e4nomenen, darunter auch sog. Mouches volantes, gef\u00fchrt hatte (vgl. Dowson\/Lewis-Williams 1988; Eliade; Tausin 2010b, 2006a). Diese visuellen Erscheinungen haben Eingang in die Kunst der ersten Hochkulturen gefunden \u2013 sie wurden entweder aus der pal\u00e4olithischen Malerei tradiert, oder von sp\u00e4teren Schamanen oder Mystikern aufs Neue beobachtet und im Einklang mit ihrem Weltbild interpretiert.<\/p>\n<p>In China sind g\u00e4ngige schamanische Symboliken und Vorstellungen seit fr\u00fchester Zeit bis zum heutigen Tag pr\u00e4sent: die drei kosmischen Regionen (Himmel, Erde, Unterwelt), die Himmels- oder Welts\u00e4ule bzw. Weltberg (Kunlun), der Flug zum Himmel, Besessenheit durch Geister von Verstorbenen&#8230;<\/p><\/div>\n<\/div>\n","protected":false},"excerpt":{"rendered":"<p>Mouches-volantes-Strukturen im alten China<\/p>\n","protected":false},"featured_media":990,"template":"","meta":[],"product_brand":[],"product_cat":[44],"product_tag":[170,172,120,174,45,173,171,169,168],"class_list":{"0":"post-989","1":"product","2":"type-product","3":"status-publish","4":"has-post-thumbnail","6":"product_cat-artikel","7":"product_tag-altes-china","8":"product_tag-geister","9":"product_tag-glaskoerpertruebungen","10":"product_tag-mystk","11":"product_tag-pdf-datei","12":"product_tag-schamanisch","13":"product_tag-weltberg","14":"product_tag-yang","15":"product_tag-yin","17":"first","18":"instock","19":"downloadable","20":"virtual","21":"purchasable","22":"product-type-simple"},"_links":{"self":[{"href":"https:\/\/www.mouches-volantes.com\/wordpress\/index.php?rest_route=\/wp\/v2\/product\/989","targetHints":{"allow":["GET"]}}],"collection":[{"href":"https:\/\/www.mouches-volantes.com\/wordpress\/index.php?rest_route=\/wp\/v2\/product"}],"about":[{"href":"https:\/\/www.mouches-volantes.com\/wordpress\/index.php?rest_route=\/wp\/v2\/types\/product"}],"wp:featuredmedia":[{"embeddable":true,"href":"https:\/\/www.mouches-volantes.com\/wordpress\/index.php?rest_route=\/wp\/v2\/media\/990"}],"wp:attachment":[{"href":"https:\/\/www.mouches-volantes.com\/wordpress\/index.php?rest_route=%2Fwp%2Fv2%2Fmedia&parent=989"}],"wp:term":[{"taxonomy":"product_brand","embeddable":true,"href":"https:\/\/www.mouches-volantes.com\/wordpress\/index.php?rest_route=%2Fwp%2Fv2%2Fproduct_brand&post=989"},{"taxonomy":"product_cat","embeddable":true,"href":"https:\/\/www.mouches-volantes.com\/wordpress\/index.php?rest_route=%2Fwp%2Fv2%2Fproduct_cat&post=989"},{"taxonomy":"product_tag","embeddable":true,"href":"https:\/\/www.mouches-volantes.com\/wordpress\/index.php?rest_route=%2Fwp%2Fv2%2Fproduct_tag&post=989"}],"curies":[{"name":"wp","href":"https:\/\/api.w.org\/{rel}","templated":true}]}}