{"id":995,"date":"2023-01-06T15:52:42","date_gmt":"2023-01-06T15:52:42","guid":{"rendered":"https:\/\/www.mouches-volantes.com\/wordpress\/?post_type=product&#038;p=995"},"modified":"2025-04-19T18:35:08","modified_gmt":"2025-04-19T18:35:08","slug":"ebuch-mouches-volantes-glaskoerpertruebung-oder-bewusstseinslicht","status":"publish","type":"product","link":"https:\/\/www.mouches-volantes.com\/wordpress\/?product=ebuch-mouches-volantes-glaskoerpertruebung-oder-bewusstseinslicht","title":{"rendered":"eBuch:<p> Mouches volantes \u2013 Glask\u00f6rpertr\u00fcbung oder Bewusstseinslicht?"},"content":{"rendered":"<p>(<em>epub und kpf Datei, 21 Abb.)<\/em><\/p>\n<p>Alle haben sie, fast alle sehen sie, und nur wenige schauen hin: die vereinzelten, transparenten und beweglichen Punkte und F\u00e4den im Blickfeld. In der Augenheilkunde werden sie \u201eMouches volantes\u201c genannt und als Glask\u00f6rpertr\u00fcbung verstanden.<\/p>\n<p>Doch stimmt diese Erkl\u00e4rung? Der Autor, Floco Tausin, folgt in diesem Buch der seherischen Erfahrung, dass Mouches volantes keine Glask\u00f6rpertr\u00fcbung, sondern eine leuchtende Struktur und ein Ausdruck unseres Bewusstseinszustandes sind.<\/p>\n<p>In dieser Sammlung von fr\u00fcher ver\u00f6ffentlichten und \u00fcberarbeiteten Texten bringt der Autor das physiologische, augenheilkundliche und seherische Verst\u00e4ndnis der Mouches volantes in Einklang. Mouches volantes werden als Erscheinung des Sehnervensystems verstanden, als Gegenstand der alternativen Augenheilkunde, des Ayurveda und der Traditionellen Chinesischen Medizin beleuchtet, sowie als Ausgangspunkt f\u00fcr eine alternative Herangehensweise an die Migr\u00e4ne herangezogen.<\/p>\n","protected":false},"excerpt":{"rendered":"<p>Visuelles Nervensystem, alternative Augenheilkunde, Ayurveda, Traditionelle Chinesische Medizin und Migr\u00e4ne-Aura<\/p>\n","protected":false},"featured_media":994,"template":"","meta":[],"product_brand":[],"product_cat":[41,280],"product_tag":[97,141,80,38,142,175,176,79,177,178],"class_list":{"0":"post-995","1":"product","2":"type-product","3":"status-publish","4":"has-post-thumbnail","6":"product_cat-ebuch-publikationen","7":"product_cat-ebuch-sachbuecher","8":"product_tag-augenheilkunde","9":"product_tag-ayurveda","10":"product_tag-bewusstsein","11":"product_tag-buch","12":"product_tag-chinesische-medizin","13":"product_tag-glaskoerpertruebung","14":"product_tag-migraeneaura","15":"product_tag-mouches-volantes","16":"product_tag-ophthomologie","17":"product_tag-visuelles-nervensystem","19":"first","20":"instock","21":"downloadable","22":"virtual","23":"purchasable","24":"product-type-simple"},"_links":{"self":[{"href":"https:\/\/www.mouches-volantes.com\/wordpress\/index.php?rest_route=\/wp\/v2\/product\/995","targetHints":{"allow":["GET"]}}],"collection":[{"href":"https:\/\/www.mouches-volantes.com\/wordpress\/index.php?rest_route=\/wp\/v2\/product"}],"about":[{"href":"https:\/\/www.mouches-volantes.com\/wordpress\/index.php?rest_route=\/wp\/v2\/types\/product"}],"wp:featuredmedia":[{"embeddable":true,"href":"https:\/\/www.mouches-volantes.com\/wordpress\/index.php?rest_route=\/wp\/v2\/media\/994"}],"wp:attachment":[{"href":"https:\/\/www.mouches-volantes.com\/wordpress\/index.php?rest_route=%2Fwp%2Fv2%2Fmedia&parent=995"}],"wp:term":[{"taxonomy":"product_brand","embeddable":true,"href":"https:\/\/www.mouches-volantes.com\/wordpress\/index.php?rest_route=%2Fwp%2Fv2%2Fproduct_brand&post=995"},{"taxonomy":"product_cat","embeddable":true,"href":"https:\/\/www.mouches-volantes.com\/wordpress\/index.php?rest_route=%2Fwp%2Fv2%2Fproduct_cat&post=995"},{"taxonomy":"product_tag","embeddable":true,"href":"https:\/\/www.mouches-volantes.com\/wordpress\/index.php?rest_route=%2Fwp%2Fv2%2Fproduct_tag&post=995"}],"curies":[{"name":"wp","href":"https:\/\/api.w.org\/{rel}","templated":true}]}}